{"id":603,"date":"2016-06-14T09:10:40","date_gmt":"2016-06-14T09:10:40","guid":{"rendered":"http:\/\/www.vonsalm.de\/v1\/?page_id=603"},"modified":"2017-01-16T18:17:54","modified_gmt":"2017-01-16T18:17:54","slug":"ankauf-von-erbfallimmobilien","status":"publish","type":"page","link":"https:\/\/www.vonsalm.de\/v1\/?page_id=603","title":{"rendered":"Ankauf von Erbfallimmobilien"},"content":{"rendered":"\n<style type=\"text\/css\" data-created_by=\"avia_inline_auto\" id=\"style-css-av-av_heading-f5cd9588d30e128c7c1fe082c34140cd\">\n#top .av-special-heading.av-av_heading-f5cd9588d30e128c7c1fe082c34140cd{\npadding-bottom:10px;\n}\nbody .av-special-heading.av-av_heading-f5cd9588d30e128c7c1fe082c34140cd .av-special-heading-tag .heading-char{\nfont-size:25px;\n}\n.av-special-heading.av-av_heading-f5cd9588d30e128c7c1fe082c34140cd .av-subheading{\nfont-size:15px;\n}\n<\/style>\n<div  class='av-special-heading av-av_heading-f5cd9588d30e128c7c1fe082c34140cd av-special-heading-h1 blockquote classic-quote  avia-builder-el-0  el_before_av_one_half  avia-builder-el-first '><h1 class='av-special-heading-tag'  itemprop=\"headline\"  >Ankauf von Erbfallimmobilien<\/h1><div class=\"special-heading-border\"><div class=\"special-heading-inner-border\"><\/div><\/div><\/div>\n\n<style type=\"text\/css\" data-created_by=\"avia_inline_auto\" id=\"style-css-av-av_one_half-9497bbf8bff73ea4c6992cc17fa9ec36\">\n.flex_column.av-av_one_half-9497bbf8bff73ea4c6992cc17fa9ec36{\n-webkit-border-radius:0px 0px 0px 0px;\n-moz-border-radius:0px 0px 0px 0px;\nborder-radius:0px 0px 0px 0px;\npadding:0px 0px 0px 0px;\n}\n<\/style>\n<div class='flex_column av-av_one_half-9497bbf8bff73ea4c6992cc17fa9ec36 av_one_half  avia-builder-el-1  el_after_av_heading  el_before_av_one_fifth  first flex_column_div av-zero-column-padding '     ><section  class='av_textblock_section av-av_textblock-0366cc7376be6c9e82a3e9cc8987b64f'  itemscope=\"itemscope\" itemtype=\"https:\/\/schema.org\/CreativeWork\" ><div class='avia_textblock'  itemprop=\"text\" ><p><strong>Haben Sie eine Altimmobilie geerbt und wollen verkaufen?<br \/>\n<\/strong><br \/>\nWir suchen st\u00e4ndig Altimmobilien und\u00a0 Grundst\u00fccke in Essen, M\u00fclheim, Dinslaken, D\u00fcsseldorf und K\u00f6ln.\u00a0 Als Spezialisten f\u00fcr Erbfallimmobilien beraten wir Sie kompetent\u00a0 und umfassend rund um den Verkauf und die Abwicklung. Die ganz unverbindliche Beratung beginnt mit einer intensiven Auswertung Ihrer Immobilie. Wir zeigen Ihnen Nutzungsm\u00f6glichkeiten auf, analysieren und bewerten\u00a0 die Altimmobilie und k\u00fcmmern uns auf Wunsch um alle Phasen Ihres Verkaufs. Bei rechtlichen Fragestellungen arbeiten wir eng mit renommierten Notaren zusammen \u2013 auch in Ihrer Stadt! Unser Service ist f\u00fcr Sie kostenfrei, es fallen keine Maklergeb\u00fchren an.<br \/>\nDer Verkauf einer Altimmobilie ist Vertrauenssache.\u00a0 Deshalb sichern wir f\u00fcr Sie die Kaufpreiszahlung \u00fcber eine Bankbest\u00e4tigung ab. Sie erwartet eine seri\u00f6se Abwicklung mit sicherer Zahlung!<\/p>\n<p><strong>Geben Sie Ihre Immobilie\u00a0 in unsere guten H\u00e4nde. Wir machen das Beste daraus!<\/strong><\/p>\n<\/div><\/section><\/div>\n\n<style type=\"text\/css\" data-created_by=\"avia_inline_auto\" id=\"style-css-av-av_one_fifth-de02ff6c6bb29fc4ff1e98b6fcee57c3\">\n.flex_column.av-av_one_fifth-de02ff6c6bb29fc4ff1e98b6fcee57c3{\n-webkit-border-radius:0px 0px 0px 0px;\n-moz-border-radius:0px 0px 0px 0px;\nborder-radius:0px 0px 0px 0px;\npadding:0px 0px 0px 0px;\n}\n<\/style>\n<div class='flex_column av-av_one_fifth-de02ff6c6bb29fc4ff1e98b6fcee57c3 av_one_fifth  avia-builder-el-3  el_after_av_one_half  el_before_av_one_fourth  flex_column_div av-zero-column-padding '     ><section  class='av_textblock_section av-av_textblock-0366cc7376be6c9e82a3e9cc8987b64f'  itemscope=\"itemscope\" itemtype=\"https:\/\/schema.org\/CreativeWork\" ><div class='avia_textblock'  itemprop=\"text\" ><div id=\"attachment_380\" style=\"width: 210px\" class=\"wp-caption alignleft\"><a href=\"http:\/\/www.vonsalm.de\/cms\/wp-content\/uploads\/2015-09.-Verena-Kroppach1.jpg\"><img loading=\"lazy\" decoding=\"async\" aria-describedby=\"caption-attachment-380\" class=\"wp-image-380 size-full lazyload\" data-src=\"http:\/\/www.vonsalm.de\/v1\/wp-content\/uploads\/2016\/05\/2015-09.-Verena-Kroppach1-200x300-200x300.jpg\" alt=\"Verena Kroppach\" width=\"200\" height=\"300\" src=\"data:image\/gif;base64,R0lGODlhAQABAAAAACH5BAEKAAEALAAAAAABAAEAAAICTAEAOw==\" style=\"--smush-placeholder-width: 200px; --smush-placeholder-aspect-ratio: 200\/300;\" \/><noscript><img loading=\"lazy\" decoding=\"async\" aria-describedby=\"caption-attachment-380\" class=\"wp-image-380 size-full\" src=\"http:\/\/www.vonsalm.de\/v1\/wp-content\/uploads\/2016\/05\/2015-09.-Verena-Kroppach1-200x300-200x300.jpg\" alt=\"Verena Kroppach\" width=\"200\" height=\"300\" \/><\/noscript><\/a><p id=\"caption-attachment-380\" class=\"wp-caption-text\">Verena Kroppach<\/p><\/div>\n<\/div><\/section><\/div>\n<style type=\"text\/css\" data-created_by=\"avia_inline_auto\" id=\"style-css-av-av_one_fourth-9c1d454dc06f7247226bc4e8f931daae\">\n.flex_column.av-av_one_fourth-9c1d454dc06f7247226bc4e8f931daae{\n-webkit-border-radius:0px 0px 0px 0px;\n-moz-border-radius:0px 0px 0px 0px;\nborder-radius:0px 0px 0px 0px;\npadding:0px 0px 0px 0px;\n}\n<\/style>\n<div class='flex_column av-av_one_fourth-9c1d454dc06f7247226bc4e8f931daae av_one_fourth  avia-builder-el-5  el_after_av_one_fifth  avia-builder-el-last  flex_column_div av-zero-column-padding '     ><section  class='av_textblock_section av-av_textblock-0366cc7376be6c9e82a3e9cc8987b64f'  itemscope=\"itemscope\" itemtype=\"https:\/\/schema.org\/CreativeWork\" ><div class='avia_textblock'  itemprop=\"text\" ><p><strong>Sofortkontakt<\/strong><\/p>\n<div role=\"form\" class=\"wpcf7\" id=\"wpcf7-f479-o1\" lang=\"de-DE\" dir=\"ltr\">\n<div class=\"screen-reader-response\"><p role=\"status\" aria-live=\"polite\" aria-atomic=\"true\"><\/p> <ul><\/ul><\/div>\n<form action=\"\/v1\/index.php?rest_route=%2Fwp%2Fv2%2Fpages%2F603#wpcf7-f479-o1\" method=\"post\" class=\"wpcf7-form init\" novalidate=\"novalidate\" data-status=\"init\">\n<div style=\"display: none;\">\n<input type=\"hidden\" name=\"_wpcf7\" value=\"479\" \/>\n<input type=\"hidden\" name=\"_wpcf7_version\" value=\"5.3.2\" \/>\n<input type=\"hidden\" name=\"_wpcf7_locale\" value=\"de_DE\" \/>\n<input type=\"hidden\" name=\"_wpcf7_unit_tag\" value=\"wpcf7-f479-o1\" \/>\n<input type=\"hidden\" name=\"_wpcf7_container_post\" value=\"0\" \/>\n<input type=\"hidden\" name=\"_wpcf7_posted_data_hash\" value=\"\" \/>\n<\/div>\n<p><span class=\"wpcf7-form-control-wrap your-name\"><input type=\"text\" name=\"your-name\" value=\"\" size=\"40\" class=\"wpcf7-form-control wpcf7-text wpcf7-validates-as-required\" aria-required=\"true\" aria-invalid=\"false\" placeholder=\"Ihr Name (Pflichtfeld\" \/><\/span> <\/p>\n<p>    <span class=\"wpcf7-form-control-wrap your-email\"><input type=\"email\" name=\"your-email\" value=\"\" size=\"40\" class=\"wpcf7-form-control wpcf7-text wpcf7-email wpcf7-validates-as-required wpcf7-validates-as-email\" aria-required=\"true\" aria-invalid=\"false\" placeholder=\"Ihre Email (Pflichtfeld)\" \/><\/span> <\/p>\n<p>    <span class=\"wpcf7-form-control-wrap your-subject\"><input type=\"text\" name=\"your-subject\" value=\"\" size=\"40\" class=\"wpcf7-form-control wpcf7-text wpcf7-validates-as-required\" aria-required=\"true\" aria-invalid=\"false\" placeholder=\"Betreff (Pflichtfeld)\" \/><\/span> <\/p>\n<p>    <span class=\"wpcf7-form-control-wrap tel\"><input type=\"text\" name=\"tel\" value=\"\" size=\"40\" class=\"wpcf7-form-control wpcf7-text\" aria-invalid=\"false\" placeholder=\"Ihre Telefonnummer\" \/><\/span> <\/p>\n<p>    <span class=\"wpcf7-form-control-wrap anschrift\"><input type=\"text\" name=\"anschrift\" value=\"\" size=\"40\" class=\"wpcf7-form-control wpcf7-text\" aria-invalid=\"false\" placeholder=\"Ihre Anschrift\" \/><\/span> <\/p>\n<p>    <span class=\"wpcf7-form-control-wrap your-message\"><textarea name=\"your-message\" cols=\"40\" rows=\"10\" class=\"wpcf7-form-control wpcf7-textarea wpcf7-validates-as-required\" aria-required=\"true\" aria-invalid=\"false\" placeholder=\"Ihre Nachricht (Pflichtfeld)\"><\/textarea><\/span> <\/p>\n<p><span class=\"wpcf7-form-control-wrap kc_captcha\"><span class=\"wpcf7-form-control wpcf7-radio\"> \n    <span class=\"captcha-image\" >\n        <span class=\"cf7ic_instructions\">Bitte beweise, dass du kein Spambot bist und w\u00e4hle das Symbol<span> Baum<\/span> aus.<\/span><label><input type=\"radio\" name=\"kc_captcha\" value=\"bot\" \/><svg width=\"50px\" height=\"50px\" aria-hidden=\"true\" role=\"img\" xmlns=\"http:\/\/www.w3.org\/2000\/svg\" viewBox=\"0 0 640 512\"><path fill=\"currentColor\" d=\"M192 384h192c53 0 96-43 96-96h32c70.6 0 128-57.4 128-128S582.6 32 512 32H120c-13.3 0-24 10.7-24 24v232c0 53 43 96 96 96zM512 96c35.3 0 64 28.7 64 64s-28.7 64-64 64h-32V96h32zm47.7 384H48.3c-47.6 0-61-64-36-64h583.3c25 0 11.8 64-35.9 64z\"><\/path><\/svg><\/label><label><input type=\"radio\" name=\"kc_captcha\" value=\"bot\" \/><svg width=\"50px\" height=\"50px\" aria-hidden=\"true\" role=\"img\" xmlns=\"http:\/\/www.w3.org\/2000\/svg\" viewBox=\"0 0 512 512\"><path fill=\"currentColor\" d=\"M349.565 98.783C295.978 98.783 251.721 64 184.348 64c-24.955 0-47.309 4.384-68.045 12.013a55.947 55.947 0 0 0 3.586-23.562C118.117 24.015 94.806 1.206 66.338.048 34.345-1.254 8 24.296 8 56c0 19.026 9.497 35.825 24 45.945V488c0 13.255 10.745 24 24 24h16c13.255 0 24-10.745 24-24v-94.4c28.311-12.064 63.582-22.122 114.435-22.122 53.588 0 97.844 34.783 165.217 34.783 48.169 0 86.667-16.294 122.505-40.858C506.84 359.452 512 349.571 512 339.045v-243.1c0-23.393-24.269-38.87-45.485-29.016-34.338 15.948-76.454 31.854-116.95 31.854z\"><\/path><\/svg><\/label><label><input type=\"radio\" name=\"kc_captcha\" value=\"kc_human\" \/><svg width=\"50px\" height=\"50px\" aria-hidden=\"true\" role=\"img\" xmlns=\"http:\/\/www.w3.org\/2000\/svg\" viewBox=\"0 0 384 512\"><path fill=\"currentColor\" d=\"M377.33 375.429L293.906 288H328c21.017 0 31.872-25.207 17.448-40.479L262.79 160H296c20.878 0 31.851-24.969 17.587-40.331l-104-112.003c-9.485-10.214-25.676-10.229-35.174 0l-104 112.003C56.206 134.969 67.037 160 88 160h33.21l-82.659 87.521C24.121 262.801 34.993 288 56 288h34.094L6.665 375.429C-7.869 390.655 2.925 416 24.025 416H144c0 32.781-11.188 49.26-33.995 67.506C98.225 492.93 104.914 512 120 512h144c15.086 0 21.776-19.069 9.995-28.494-19.768-15.814-33.992-31.665-33.995-67.496V416h119.97c21.05 0 31.929-25.309 17.36-40.571z\"><\/path><\/svg><\/label>\n    <\/span>\n    <span style=\"display:none\">\n        <input type=\"text\" name=\"kc_honeypot\">\n    <\/span><\/span><\/span><\/p>\n<p><span class=\"wpcf7-form-control-wrap datenschutz\"><span class=\"wpcf7-form-control wpcf7-acceptance\"><span class=\"wpcf7-list-item\"><input type=\"checkbox\" name=\"datenschutz\" value=\"1\" aria-invalid=\"false\" \/><\/span><\/span><\/span> <strong>Einwilligungserkl\u00e4rung Datenschutz<\/strong><br\/><br \/>\nJa, ich habe die <a href=\"https:\/\/www.vonsalm.de\/v1\/?page_id=467\" target=\"_blank\">Datenschutzerkl\u00e4rung<\/a> zur Kenntnis genommen und bin damit einverstanden, dass die von mir angegebenen Daten elektronisch erhoben und gespeichert werden. Meine Daten werden dabei nur streng zweckgebunden zur Bearbeitung und Beantwortung meiner Anfrage benutzt.\n<\/p>\n<p><input type=\"submit\" value=\"Senden\" class=\"wpcf7-form-control wpcf7-submit\" \/><\/p>\n<div class=\"wpcf7-response-output\" aria-hidden=\"true\"><\/div><\/form><\/div>\n<\/div><\/section><\/div>\n","protected":false},"excerpt":{"rendered":"","protected":false},"author":1,"featured_media":0,"parent":0,"menu_order":0,"comment_status":"closed","ping_status":"closed","template":"","meta":{"footnotes":""},"class_list":["post-603","page","type-page","status-publish","hentry"],"aioseo_notices":[],"_links":{"self":[{"href":"https:\/\/www.vonsalm.de\/v1\/index.php?rest_route=\/wp\/v2\/pages\/603","targetHints":{"allow":["GET"]}}],"collection":[{"href":"https:\/\/www.vonsalm.de\/v1\/index.php?rest_route=\/wp\/v2\/pages"}],"about":[{"href":"https:\/\/www.vonsalm.de\/v1\/index.php?rest_route=\/wp\/v2\/types\/page"}],"author":[{"embeddable":true,"href":"https:\/\/www.vonsalm.de\/v1\/index.php?rest_route=\/wp\/v2\/users\/1"}],"replies":[{"embeddable":true,"href":"https:\/\/www.vonsalm.de\/v1\/index.php?rest_route=%2Fwp%2Fv2%2Fcomments&post=603"}],"version-history":[{"count":11,"href":"https:\/\/www.vonsalm.de\/v1\/index.php?rest_route=\/wp\/v2\/pages\/603\/revisions"}],"predecessor-version":[{"id":1627,"href":"https:\/\/www.vonsalm.de\/v1\/index.php?rest_route=\/wp\/v2\/pages\/603\/revisions\/1627"}],"wp:attachment":[{"href":"https:\/\/www.vonsalm.de\/v1\/index.php?rest_route=%2Fwp%2Fv2%2Fmedia&parent=603"}],"curies":[{"name":"wp","href":"https:\/\/api.w.org\/{rel}","templated":true}]}}