{"id":524,"date":"2016-06-10T13:17:04","date_gmt":"2016-06-10T13:17:04","guid":{"rendered":"http:\/\/www.vonsalm.de\/v1\/?page_id=524"},"modified":"2018-07-31T06:07:18","modified_gmt":"2018-07-31T06:07:18","slug":"duesseldorf-unterbach-seeweg-24","status":"publish","type":"page","link":"https:\/\/www.vonsalm.de\/v1\/?page_id=524","title":{"rendered":"D\u00fcsseldorf-Unterbach, Seeweg 24"},"content":{"rendered":"<div  class='tabcontainer av-av_tab_container-0bacd910096d11a3cec6dfb538798966 top_tab  avia-builder-el-0  el_before_av_hr  avia-builder-el-first ' role='tablist'>\n<section class='av_tab_section av_tab_section av-av_tab-6143d0cba678a583f3c807f8c438bb9a'  itemscope=\"itemscope\" itemtype=\"https:\/\/schema.org\/CreativeWork\" ><div class='tab active_tab' role='tab' tabindex='0' data-fake-id='#tab-id-1' aria-controls='tab-id-1-content'  itemprop=\"headline\" ><span class='tab_icon' aria-hidden='true' data-av_icon='\ue821' data-av_iconfont='entypo-fontello'><\/span>D\u00fcsseldorf-Unterbach, Seeweg 24<\/div><div id='tab-id-1-content' class='tab_content active_tab_content' aria-hidden=\"false\"><div class='tab_inner_content invers-color'  itemprop=\"text\" ><p><strong>D\u00fcsseldorf \u2013 Unterbach<\/strong><br \/>\n<strong>Seeweg 24<\/strong><\/p>\n<p>5 Moderne Eigentumswohnungen in ruhiger Lage<br \/>\nmit Aufzug und Tiefgarage<\/p>\n<p>Wohnfl\u00e4chen<br \/>\nvon 90 m\u00b2 &#8211; 145 m\u00b2<\/p>\n<p><a href=\"https:\/\/www.vonsalm.de\/v1\/wp-content\/uploads\/2016\/06\/Front-Seeweg-24.jpg\"><img loading=\"lazy\" decoding=\"async\" class=\"alignnone wp-image-525 size-large lazyload\" data-src=\"https:\/\/www.vonsalm.de\/v1\/wp-content\/uploads\/2016\/06\/Front-Seeweg-24-1030x513.jpg\" alt=\"Front - Seeweg 24\" width=\"1030\" height=\"513\" data-srcset=\"https:\/\/www.vonsalm.de\/v1\/wp-content\/uploads\/2016\/06\/Front-Seeweg-24-1030x513.jpg 1030w, https:\/\/www.vonsalm.de\/v1\/wp-content\/uploads\/2016\/06\/Front-Seeweg-24-300x149.jpg 300w, https:\/\/www.vonsalm.de\/v1\/wp-content\/uploads\/2016\/06\/Front-Seeweg-24-768x382.jpg 768w, https:\/\/www.vonsalm.de\/v1\/wp-content\/uploads\/2016\/06\/Front-Seeweg-24-1500x747.jpg 1500w, https:\/\/www.vonsalm.de\/v1\/wp-content\/uploads\/2016\/06\/Front-Seeweg-24-705x351.jpg 705w, https:\/\/www.vonsalm.de\/v1\/wp-content\/uploads\/2016\/06\/Front-Seeweg-24-450x224.jpg 450w, https:\/\/www.vonsalm.de\/v1\/wp-content\/uploads\/2016\/06\/Front-Seeweg-24.jpg 1587w\" data-sizes=\"auto, (max-width: 1030px) 100vw, 1030px\" src=\"data:image\/gif;base64,R0lGODlhAQABAAAAACH5BAEKAAEALAAAAAABAAEAAAICTAEAOw==\" style=\"--smush-placeholder-width: 1030px; --smush-placeholder-aspect-ratio: 1030\/513;\" \/><noscript><img loading=\"lazy\" decoding=\"async\" class=\"alignnone wp-image-525 size-large\" src=\"https:\/\/www.vonsalm.de\/v1\/wp-content\/uploads\/2016\/06\/Front-Seeweg-24-1030x513.jpg\" alt=\"Front - Seeweg 24\" width=\"1030\" height=\"513\" srcset=\"https:\/\/www.vonsalm.de\/v1\/wp-content\/uploads\/2016\/06\/Front-Seeweg-24-1030x513.jpg 1030w, https:\/\/www.vonsalm.de\/v1\/wp-content\/uploads\/2016\/06\/Front-Seeweg-24-300x149.jpg 300w, https:\/\/www.vonsalm.de\/v1\/wp-content\/uploads\/2016\/06\/Front-Seeweg-24-768x382.jpg 768w, https:\/\/www.vonsalm.de\/v1\/wp-content\/uploads\/2016\/06\/Front-Seeweg-24-1500x747.jpg 1500w, https:\/\/www.vonsalm.de\/v1\/wp-content\/uploads\/2016\/06\/Front-Seeweg-24-705x351.jpg 705w, https:\/\/www.vonsalm.de\/v1\/wp-content\/uploads\/2016\/06\/Front-Seeweg-24-450x224.jpg 450w, https:\/\/www.vonsalm.de\/v1\/wp-content\/uploads\/2016\/06\/Front-Seeweg-24.jpg 1587w\" sizes=\"auto, (max-width: 1030px) 100vw, 1030px\" \/><\/noscript><\/a><\/p>\n<p><em><strong>Highlights<\/strong><\/em><\/p>\n<ul>\n<li>Modernes Architek\u00adtenhaus mit nur 5 Wohneinheiten<\/li>\n<li>Grundrisse k\u00f6nnen variabel nach Ihren Vorstellungen angepasst werden<\/li>\n<li>Alle gro\u00dfz\u00fcgig geschnittenen Woh\u00adnungen \u00fcberzeugen durch ihre hochwertige Ausstattung<\/li>\n<li>Gem\u00fctliche S\u00fcdwest-Balkone und Terrassen<\/li>\n<li>Tiefgarage<\/li>\n<li>Aufzug<\/li>\n<\/ul>\n<p><strong>F\u00fcr weitere Informationen senden wir Ihnen gerne unser ausf\u00fchrliches Expos\u00e9 zu.<br \/>\nSie k\u00f6nnen ein Expos\u00e9 ganz bequem <a href=\"#tab-id-5\">per E-Mail<\/a> anfordern.<\/strong><\/p>\n<\/div><\/div><\/section>\n<section class='av_tab_section av_tab_section av-av_tab-5f9fef35c7aaa754ff461861645593be'  itemscope=\"itemscope\" itemtype=\"https:\/\/schema.org\/CreativeWork\" ><div class='tab' role='tab' tabindex='0' data-fake-id='#tab-id-2' aria-controls='tab-id-2-content'  itemprop=\"headline\" ><span class='tab_icon' aria-hidden='true' data-av_icon='\ue84b' data-av_iconfont='entypo-fontello'><\/span>Preise &amp; Grundrisse<\/div><div id='tab-id-2-content' class='tab_content' aria-hidden=\"true\"><div class='tab_inner_content invers-color'  itemprop=\"text\" ><div  class='avia-button-wrap av-av_button-fabad13d832c73d32ca9f09147439ec1-wrap avia-button-left  avia-builder-el-1  avia-builder-el-no-sibling ' ><a href='https:\/\/www.vonsalm.de\/v1\/wp-content\/uploads\/Preisliste-Seeweg-24-Duesseldorf-Unterbach-.pdf'  class='avia-button av-av_button-fabad13d832c73d32ca9f09147439ec1 avia-icon_select-yes-left-icon avia-size-medium avia-position-left avia-color-theme-color'  target=\"_blank\"  rel=\"noopener noreferrer\"><span class='avia_button_icon avia_button_icon_left' aria-hidden='true' data-av_icon='\ue835' data-av_iconfont='entypo-fontello'><\/span><span class='avia_iconbox_title' >PDF-Datei im Vollbildmodus \u00f6ffnen<\/span><\/a><\/div>\n<div style=\"float: left; line-height: 44px; font-weight: bold; margin-left: 15px; color: #880000;\">Dieses Objekt ist vollst\u00e4ndig verkauft.<\/div>\n<p><iframe loading=\"lazy\" style=\"width: 100%; height: 700px;\" data-src=\"https:\/\/docs.google.com\/gview?url=https:\/\/www.vonsalm.de\/v1\/wp-content\/uploads\/Preisliste-Seeweg-24-Duesseldorf-Unterbach-.pdf&amp;embedded=true\" width=\"300\" height=\"150\" frameborder=\"0\" src=\"data:image\/gif;base64,R0lGODlhAQABAAAAACH5BAEKAAEALAAAAAABAAEAAAICTAEAOw==\" class=\"lazyload\" data-load-mode=\"1\"><\/iframe><\/p>\n<\/div><\/div><\/section>\n<section class='av_tab_section av_tab_section av-av_tab-e5e7179069bd52bb3367dd056c539887'  itemscope=\"itemscope\" itemtype=\"https:\/\/schema.org\/CreativeWork\" ><div class='tab' role='tab' tabindex='0' data-fake-id='#tab-id-3' aria-controls='tab-id-3-content'  itemprop=\"headline\" ><span class='tab_icon' aria-hidden='true' data-av_icon='\ue81f' data-av_iconfont='entypo-fontello'><\/span>Lageplan<\/div><div id='tab-id-3-content' class='tab_content' aria-hidden=\"true\"><div class='tab_inner_content invers-color'  itemprop=\"text\" ><p><iframe loading=\"lazy\" style=\"border: 0;\" data-src=\"https:\/\/www.google.com\/maps\/embed?pb=!1m18!1m12!1m3!1d2499.8871814072318!2d6.88541011575881!3d51.20273047958623!2m3!1f0!2f0!3f0!3m2!1i1024!2i768!4f13.1!3m3!1m2!1s0x47b8cc467c8bb71b%3A0x2209fe66060c4f54!2sSeeweg+24%2C+40627+D%C3%BCsseldorf%2C+Germany!5e0!3m2!1sen!2sin!4v1449882730806\" width=\"100%\" height=\"450\" frameborder=\"0\" allowfullscreen=\"allowfullscreen\" src=\"data:image\/gif;base64,R0lGODlhAQABAAAAACH5BAEKAAEALAAAAAABAAEAAAICTAEAOw==\" class=\"lazyload\" data-load-mode=\"1\"><\/iframe><\/p>\n<p><iframe loading=\"lazy\" style=\"border: 0;\" data-src=\"https:\/\/www.google.com\/maps\/embed?pb=!1m0!3m2!1sen!2sin!4v1449882615789!6m8!1m7!1sRpkM_jvn-mMynhwMOT4p9Q!2m2!1d51.20264492048232!2d6.887412701833457!3f8.319365256033105!4f-10.65716774582053!5f0.7820865974627469\" width=\"100%\" height=\"450\" frameborder=\"0\" allowfullscreen=\"allowfullscreen\" src=\"data:image\/gif;base64,R0lGODlhAQABAAAAACH5BAEKAAEALAAAAAABAAEAAAICTAEAOw==\" class=\"lazyload\" data-load-mode=\"1\"><\/iframe><\/p>\n<\/div><\/div><\/section>\n<section class='av_tab_section av_tab_section av-av_tab-1583b3d60931b3f7ef87db75d4d0070f'  itemscope=\"itemscope\" itemtype=\"https:\/\/schema.org\/CreativeWork\" ><div class='tab' role='tab' tabindex='0' data-fake-id='#tab-id-4' aria-controls='tab-id-4-content'  itemprop=\"headline\" ><span class='tab_icon' aria-hidden='true' data-av_icon='\ue80e' data-av_iconfont='entypo-fontello'><\/span>Weitere Bilder<\/div><div id='tab-id-4-content' class='tab_content' aria-hidden=\"true\"><div class='tab_inner_content invers-color'  itemprop=\"text\" ><p><a href=\"https:\/\/www.vonsalm.de\/cms\/wp-content\/uploads\/Front-Seeweg-24-Kopie.jpg\"><img loading=\"lazy\" decoding=\"async\" class=\"alignnone wp-image-3764 size-full lazyload\" data-src=\"https:\/\/www.vonsalm.de\/cms\/wp-content\/uploads\/Front-Seeweg-24-Kopie.jpg\" alt=\"Front \" width=\"800\" height=\"398\" src=\"data:image\/gif;base64,R0lGODlhAQABAAAAACH5BAEKAAEALAAAAAABAAEAAAICTAEAOw==\" style=\"--smush-placeholder-width: 800px; --smush-placeholder-aspect-ratio: 800\/398;\" \/><noscript><img loading=\"lazy\" decoding=\"async\" class=\"alignnone wp-image-3764 size-full\" src=\"https:\/\/www.vonsalm.de\/cms\/wp-content\/uploads\/Front-Seeweg-24-Kopie.jpg\" alt=\"Front \" width=\"800\" height=\"398\" \/><\/noscript><\/a><a href=\"https:\/\/www.vonsalm.de\/cms\/wp-content\/uploads\/Seeweg-24-Animation-Dachterrasse-Kopie.jpg\"><img loading=\"lazy\" decoding=\"async\" class=\"alignnone wp-image-3770 size-full lazyload\" data-src=\"https:\/\/www.vonsalm.de\/cms\/wp-content\/uploads\/Seeweg-24-Animation-Dachterrasse-Kopie.jpg\" alt=\"Dachterrasse \" width=\"800\" height=\"450\" src=\"data:image\/gif;base64,R0lGODlhAQABAAAAACH5BAEKAAEALAAAAAABAAEAAAICTAEAOw==\" style=\"--smush-placeholder-width: 800px; --smush-placeholder-aspect-ratio: 800\/450;\" \/><noscript><img loading=\"lazy\" decoding=\"async\" class=\"alignnone wp-image-3770 size-full\" src=\"https:\/\/www.vonsalm.de\/cms\/wp-content\/uploads\/Seeweg-24-Animation-Dachterrasse-Kopie.jpg\" alt=\"Dachterrasse \" width=\"800\" height=\"450\" \/><\/noscript><\/a><\/p>\n<\/div><\/div><\/section>\n<section class='av_tab_section av_tab_section av-av_tab-0715596ce1db895ab2281407232f2c1b'  itemscope=\"itemscope\" itemtype=\"https:\/\/schema.org\/CreativeWork\" ><div class='tab' role='tab' tabindex='0' data-fake-id='#tab-id-5' aria-controls='tab-id-5-content'  itemprop=\"headline\" ><span class='tab_icon' aria-hidden='true' data-av_icon='\ue805' data-av_iconfont='entypo-fontello'><\/span>Sofortkontakt<\/div><div id='tab-id-5-content' class='tab_content' aria-hidden=\"true\"><div class='tab_inner_content invers-color'  itemprop=\"text\" ><p><strong><em><img loading=\"lazy\" decoding=\"async\" class=\"alignleft size-medium wp-image-325 lazyload\" data-src=\"http:\/\/www.vonsalm.de\/v1\/wp-content\/uploads\/2016\/05\/2015-09.-Verena-Kroppach1-200x300-200x300.jpg\" alt=\"Verena-Kroppach\" width=\"200\" height=\"300\" src=\"data:image\/gif;base64,R0lGODlhAQABAAAAACH5BAEKAAEALAAAAAABAAEAAAICTAEAOw==\" style=\"--smush-placeholder-width: 200px; --smush-placeholder-aspect-ratio: 200\/300;\" \/><noscript><img loading=\"lazy\" decoding=\"async\" class=\"alignleft size-medium wp-image-325\" src=\"http:\/\/www.vonsalm.de\/v1\/wp-content\/uploads\/2016\/05\/2015-09.-Verena-Kroppach1-200x300-200x300.jpg\" alt=\"Verena-Kroppach\" width=\"200\" height=\"300\" \/><\/noscript>Neubauplanungsgesellschaft<br \/>\nvon Salm-Hoogstraeten mbH<br \/>\nClaudiastr. 53<br \/>\n46537 Dinslaken<br \/>\nTelefon 02064-4277-16<br \/>\nTelefax \/<br \/>\nwww.vonSalm.de<br \/>\nIhr Ansprechpartnerin:<br \/>\nVerena Kroppach<br \/>\n<a href=\"mailto:Verena.Kroppach@vonSalm.de\">Verena.Kroppach@vonSalm.de<\/a><br \/>\n<\/em><\/strong><\/p>\n<hr \/>\n<p><strong>Sofortkontakt<\/strong><\/p>\n<div role=\"form\" class=\"wpcf7\" id=\"wpcf7-f480-o1\" lang=\"de-DE\" dir=\"ltr\">\n<div class=\"screen-reader-response\"><p role=\"status\" aria-live=\"polite\" aria-atomic=\"true\"><\/p> <ul><\/ul><\/div>\n<form action=\"\/v1\/index.php?rest_route=%2Fwp%2Fv2%2Fpages%2F524#wpcf7-f480-o1\" method=\"post\" class=\"wpcf7-form init\" novalidate=\"novalidate\" data-status=\"init\">\n<div style=\"display: none;\">\n<input type=\"hidden\" name=\"_wpcf7\" value=\"480\" \/>\n<input type=\"hidden\" name=\"_wpcf7_version\" value=\"5.3.2\" \/>\n<input type=\"hidden\" name=\"_wpcf7_locale\" value=\"de_DE\" \/>\n<input type=\"hidden\" name=\"_wpcf7_unit_tag\" value=\"wpcf7-f480-o1\" \/>\n<input type=\"hidden\" name=\"_wpcf7_container_post\" value=\"0\" \/>\n<input type=\"hidden\" name=\"_wpcf7_posted_data_hash\" value=\"\" \/>\n<\/div>\n<p>Ihr Name (Pflichtfeld)<br \/>\n    <span class=\"wpcf7-form-control-wrap your-name\"><input type=\"text\" name=\"your-name\" value=\"\" size=\"40\" class=\"wpcf7-form-control wpcf7-text wpcf7-validates-as-required\" aria-required=\"true\" aria-invalid=\"false\" \/><\/span> <\/p>\n<p>Ihre E-Mail-Adresse (Pflichtfeld)<br \/>\n    <span class=\"wpcf7-form-control-wrap your-email\"><input type=\"email\" name=\"your-email\" value=\"@\" size=\"40\" class=\"wpcf7-form-control wpcf7-text wpcf7-email wpcf7-validates-as-required wpcf7-validates-as-email\" aria-required=\"true\" aria-invalid=\"false\" \/><\/span> <\/p>\n<p>Betreff (Pflichtfeld)<br \/>\n    <span class=\"wpcf7-form-control-wrap your-subject\"><input type=\"text\" name=\"your-subject\" value=\"\" size=\"40\" class=\"wpcf7-form-control wpcf7-text wpcf7-validates-as-required\" aria-required=\"true\" aria-invalid=\"false\" \/><\/span> <\/p>\n<p>Ihre Telefonnummer <br \/>\n    <span class=\"wpcf7-form-control-wrap tel\"><input type=\"text\" name=\"tel\" value=\"\" size=\"40\" class=\"wpcf7-form-control wpcf7-text\" aria-invalid=\"false\" \/><\/span> <\/p>\n<p>Ihre Anschrift <br \/>\n    <span class=\"wpcf7-form-control-wrap anschrift\"><input type=\"text\" name=\"anschrift\" value=\"\" size=\"40\" class=\"wpcf7-form-control wpcf7-text\" aria-invalid=\"false\" \/><\/span> <\/p>\n<p>Ihre Nachricht<br \/>\n    <span class=\"wpcf7-form-control-wrap your-message\"><textarea name=\"your-message\" cols=\"40\" rows=\"10\" class=\"wpcf7-form-control wpcf7-textarea\" aria-invalid=\"false\"><\/textarea><\/span> <\/p>\n<p>M\u00f6chten Sie ein ausf\u00fchrliches Expos\u00e9 erhalten?<\/p>\n<p><span class=\"wpcf7-form-control-wrap menu-727\"><select name=\"menu-727\" class=\"wpcf7-form-control wpcf7-select\" aria-invalid=\"false\"><option value=\"Bitte ausw\u00e4hlen...\">Bitte ausw\u00e4hlen...<\/option><option value=\"Ja (bitte postalische Anschrift oben angeben)\">Ja (bitte postalische Anschrift oben angeben)<\/option><option value=\"Nein\">Nein<\/option><\/select><\/span><\/p>\n<p>Name des Objekts<br \/>\n    <span class=\"wpcf7-form-control-wrap text-240\"><input type=\"text\" name=\"text-240\" value=\"\" size=\"40\" class=\"wpcf7-form-control wpcf7-text\" aria-invalid=\"false\" \/><\/span> <\/p>\n<p><span class=\"wpcf7-form-control-wrap kc_captcha\"><span class=\"wpcf7-form-control wpcf7-radio\"> \n    <span class=\"captcha-image\" >\n        <span class=\"cf7ic_instructions\">Bitte beweise, dass du kein Spambot bist und w\u00e4hle das Symbol<span> Flugzeug<\/span> aus.<\/span><label><input type=\"radio\" name=\"kc_captcha\" value=\"bot\" \/><svg width=\"50px\" height=\"50px\" aria-hidden=\"true\" role=\"img\" xmlns=\"http:\/\/www.w3.org\/2000\/svg\" viewBox=\"0 0 576 512\"><path fill=\"currentColor\" d=\"M414.9 24C361.8 24 312 65.7 288 89.3 264 65.7 214.2 24 161.1 24 70.3 24 16 76.9 16 165.5c0 72.6 66.8 133.3 69.2 135.4l187 180.8c8.8 8.5 22.8 8.5 31.6 0l186.7-180.2c2.7-2.7 69.5-63.5 69.5-136C560 76.9 505.7 24 414.9 24z\"><\/path><\/svg><\/label><label><input type=\"radio\" name=\"kc_captcha\" value=\"bot\" \/><svg width=\"50px\" height=\"50px\" aria-hidden=\"true\" role=\"img\" xmlns=\"http:\/\/www.w3.org\/2000\/svg\" viewBox=\"0 0 576 512\"><path fill=\"currentColor\" d=\"M259.3 17.8L194 150.2 47.9 171.5c-26.2 3.8-36.7 36.1-17.7 54.6l105.7 103-25 145.5c-4.5 26.3 23.2 46 46.4 33.7L288 439.6l130.7 68.7c23.2 12.2 50.9-7.4 46.4-33.7l-25-145.5 105.7-103c19-18.5 8.5-50.8-17.7-54.6L382 150.2 316.7 17.8c-11.7-23.6-45.6-23.9-57.4 0z\"><\/path><\/svg><\/label><label><input type=\"radio\" name=\"kc_captcha\" value=\"kc_human\" \/><svg width=\"50px\" height=\"50px\" aria-hidden=\"true\" role=\"img\" xmlns=\"http:\/\/www.w3.org\/2000\/svg\" viewBox=\"0 0 576 512\"><path fill=\"currentColor\" d=\"M472 200H360.211L256.013 5.711A12 12 0 0 0 245.793 0h-57.787c-7.85 0-13.586 7.413-11.616 15.011L209.624 200H99.766l-34.904-58.174A12 12 0 0 0 54.572 136H12.004c-7.572 0-13.252 6.928-11.767 14.353l21.129 105.648L.237 361.646c-1.485 7.426 4.195 14.354 11.768 14.353l42.568-.002c4.215 0 8.121-2.212 10.289-5.826L99.766 312h109.858L176.39 496.989c-1.97 7.599 3.766 15.011 11.616 15.011h57.787a12 12 0 0 0 10.22-5.711L360.212 312H472c57.438 0 104-25.072 104-56s-46.562-56-104-56z\"><\/path><\/svg><\/label>\n    <\/span>\n    <span style=\"display:none\">\n        <input type=\"text\" name=\"kc_honeypot\">\n    <\/span><\/span><\/span><\/p>\n<p><span class=\"wpcf7-form-control-wrap datenschutz_aktuell\"><span class=\"wpcf7-form-control wpcf7-acceptance\"><span class=\"wpcf7-list-item\"><input type=\"checkbox\" name=\"datenschutz_aktuell\" value=\"1\" aria-invalid=\"false\" \/><\/span><\/span><\/span> <strong>Einwilligungserkl\u00e4rung Datenschutz<\/strong><br\/><br \/>\nJa, ich habe die <a href=\"https:\/\/www.vonsalm.de\/v1\/?page_id=467\" target=\"_blank\">Datenschutzerkl\u00e4rung<\/a> zur Kenntnis genommen und bin damit einverstanden, dass die von mir angegebenen Daten elektronisch erhoben und gespeichert werden. Meine Daten werden dabei nur streng zweckgebunden zur Bearbeitung und Beantwortung meiner Anfrage benutzt.\n<\/p>\n<p><input type=\"submit\" value=\"Senden\" class=\"wpcf7-form-control wpcf7-submit\" \/><\/p>\n<div class=\"wpcf7-response-output\" aria-hidden=\"true\"><\/div><\/form><\/div>\n<\/div><\/div><\/section>\n<\/div>\n\n<style type=\"text\/css\" data-created_by=\"avia_inline_auto\" id=\"style-css-av-av_hr-a6de236e6c183bbbd700292deacd2b52\">\n#top .hr.hr-invisible.av-av_hr-a6de236e6c183bbbd700292deacd2b52{\nheight:20px;\n}\n<\/style>\n<div  class='hr av-av_hr-a6de236e6c183bbbd700292deacd2b52 hr-invisible  avia-builder-el-2  el_after_av_tab_container  el_before_av_textblock '><span class='hr-inner '><span class=\"hr-inner-style\"><\/span><\/span><\/div>\n<section  class='av_textblock_section av-av_textblock-0366cc7376be6c9e82a3e9cc8987b64f'  itemscope=\"itemscope\" itemtype=\"https:\/\/schema.org\/CreativeWork\" ><div class='avia_textblock'  itemprop=\"text\" ><p>Nutzen Sie soziale Netzwerke und empfehlen Sie dieses Objekt an einen Bekannten:<\/p>\n<\/div><\/section>\n\n","protected":false},"excerpt":{"rendered":"","protected":false},"author":1,"featured_media":0,"parent":0,"menu_order":0,"comment_status":"closed","ping_status":"closed","template":"","meta":{"footnotes":""},"class_list":["post-524","page","type-page","status-publish","hentry"],"aioseo_notices":[],"_links":{"self":[{"href":"https:\/\/www.vonsalm.de\/v1\/index.php?rest_route=\/wp\/v2\/pages\/524","targetHints":{"allow":["GET"]}}],"collection":[{"href":"https:\/\/www.vonsalm.de\/v1\/index.php?rest_route=\/wp\/v2\/pages"}],"about":[{"href":"https:\/\/www.vonsalm.de\/v1\/index.php?rest_route=\/wp\/v2\/types\/page"}],"author":[{"embeddable":true,"href":"https:\/\/www.vonsalm.de\/v1\/index.php?rest_route=\/wp\/v2\/users\/1"}],"replies":[{"embeddable":true,"href":"https:\/\/www.vonsalm.de\/v1\/index.php?rest_route=%2Fwp%2Fv2%2Fcomments&post=524"}],"version-history":[{"count":23,"href":"https:\/\/www.vonsalm.de\/v1\/index.php?rest_route=\/wp\/v2\/pages\/524\/revisions"}],"predecessor-version":[{"id":2641,"href":"https:\/\/www.vonsalm.de\/v1\/index.php?rest_route=\/wp\/v2\/pages\/524\/revisions\/2641"}],"wp:attachment":[{"href":"https:\/\/www.vonsalm.de\/v1\/index.php?rest_route=%2Fwp%2Fv2%2Fmedia&parent=524"}],"curies":[{"name":"wp","href":"https:\/\/api.w.org\/{rel}","templated":true}]}}