{"id":463,"date":"2016-06-07T10:29:50","date_gmt":"2016-06-07T10:29:50","guid":{"rendered":"http:\/\/www.vonsalm.de\/v1\/?page_id=463"},"modified":"2025-09-30T11:21:47","modified_gmt":"2025-09-30T11:21:47","slug":"impressum","status":"publish","type":"page","link":"https:\/\/www.vonsalm.de\/v1\/?page_id=463","title":{"rendered":"Impressum"},"content":{"rendered":"\n<style type=\"text\/css\" data-created_by=\"avia_inline_auto\" id=\"style-css-av-d6mrz-ddfb979a997d35cc59f585e69c251b12\">\n#top .av-special-heading.av-d6mrz-ddfb979a997d35cc59f585e69c251b12{\npadding-bottom:10px;\n}\nbody .av-special-heading.av-d6mrz-ddfb979a997d35cc59f585e69c251b12 .av-special-heading-tag .heading-char{\nfont-size:25px;\n}\n.av-special-heading.av-d6mrz-ddfb979a997d35cc59f585e69c251b12 .av-subheading{\nfont-size:15px;\n}\n<\/style>\n<div  class='av-special-heading av-d6mrz-ddfb979a997d35cc59f585e69c251b12 av-special-heading-h2 blockquote modern-quote  avia-builder-el-0  el_before_av_textblock  avia-builder-el-first '><h2 class='av-special-heading-tag'  itemprop=\"headline\"  >Impressum <\/h2><div class=\"special-heading-border\"><div class=\"special-heading-inner-border\"><\/div><\/div><\/div>\n<section  class='av_textblock_section av-a36fj-68c79c2d86e0686ff07660bd082675a8'  itemscope=\"itemscope\" itemtype=\"https:\/\/schema.org\/CreativeWork\" ><div class='avia_textblock'  itemprop=\"text\" ><h3>Angaben gem\u00e4\u00df \u00a7 5 TMG:<\/h3>\n<p><strong>Neubauplanungsgesellschaft<br \/>\nvon Salm-Hoogstraeten mbH<\/strong><br \/>\nBautr\u00e4gergesellschaft<br \/>\nClaudiastr. 53<br \/>\n46537 Dinslaken<\/p>\n<h3>Kontakt<\/h3>\n<p>Telefon: 0049 2064 \u2013 42 77 \u2013 0<br \/>\nTelefax: 0049 2064 \u2013 42 77 \u2013 28<br \/>\nE-Mail: <a href=\"mailto:info@vonSalm.de\">info@vonSalm.de<\/a><\/p>\n<h3>Vertreten durch:<\/h3>\n<p><strong>Gesellschafter\/Gesch\u00e4ftsf\u00fchrer<\/strong><br \/>\nKarsten von Salm-Hoogstraeten<\/p>\n<h3>Registereintrag:<\/h3>\n<p>Registergericht Duisburg<br \/>\nHRB 10402<br \/>\nSteuernummer: 101\/5713\/0021<\/p>\n<p>Vorhandene Erlaubnis nach \u00a7 34 c und \u00a7 34 i Gewerbeordnung der Stadt Duisburg.<\/p>\n<h3>Streitschlichtung<\/h3>\n<p>Wir sind nicht bereit oder verpflichtet, an Streitbeilegungsverfahren vor einer Verbraucherschlichtungsstelle teilzunehmen.<\/p>\n<h3>Haftung f\u00fcr Inhalte<\/h3>\n<p>Als Diensteanbieter sind wir gem\u00e4\u00df \u00a7 7 Abs.1 TMG f\u00fcr eigene Inhalte auf diesen Seiten nach den allgemeinen Gesetzen verantwortlich. Nach \u00a7\u00a7 8 bis 10 TMG sind wir als Diensteanbieter jedoch nicht verpflichtet, \u00fcbermittelte oder gespeicherte fremde Informationen zu \u00fcberwachen oder nach Umst\u00e4nden zu forschen, die auf eine rechtswidrige T\u00e4tigkeit hinweisen.<\/p>\n<p>Verpflichtungen zur Entfernung oder Sperrung der Nutzung von Informationen nach den allgemeinen Gesetzen bleiben hiervon unber\u00fchrt. Eine diesbez\u00fcgliche Haftung ist jedoch erst ab dem Zeitpunkt der Kenntnis einer konkreten Rechtsverletzung m\u00f6glich. Bei Bekanntwerden von entsprechenden Rechtsverletzungen werden wir diese Inhalte umgehend entfernen.<\/p>\n<h3>Haftung f\u00fcr Links<\/h3>\n<p>Unser Angebot enth\u00e4lt Links zu externen Websites Dritter, auf deren Inhalte wir keinen Einfluss haben. Deshalb k\u00f6nnen wir f\u00fcr diese fremden Inhalte auch keine Gew\u00e4hr \u00fcbernehmen. F\u00fcr die Inhalte der verlinkten Seiten ist stets der jeweilige Anbieter oder Betreiber der Seiten verantwortlich. Die verlinkten Seiten wurden zum Zeitpunkt der Verlinkung auf m\u00f6gliche Rechtsverst\u00f6\u00dfe \u00fcberpr\u00fcft. Rechtswidrige Inhalte waren zum Zeitpunkt der Verlinkung nicht erkennbar.<\/p>\n<p>Eine permanente inhaltliche Kontrolle der verlinkten Seiten ist jedoch ohne konkrete Anhaltspunkte einer Rechtsverletzung nicht zumutbar. Bei Bekanntwerden von Rechtsverletzungen werden wir derartige Links umgehend entfernen.<\/p>\n<h3>Urheberrecht<\/h3>\n<p>Die durch die Seitenbetreiber erstellten Inhalte und Werke auf diesen Seiten unterliegen dem deutschen Urheberrecht. Die Vervielf\u00e4ltigung, Bearbeitung, Verbreitung und jede Art der Verwertung au\u00dferhalb der Grenzen des Urheberrechtes bed\u00fcrfen der schriftlichen Zustimmung des jeweiligen Autors bzw. Erstellers. Downloads und Kopien dieser Seite sind nur f\u00fcr den privaten, nicht kommerziellen Gebrauch gestattet.<\/p>\n<p>Soweit die Inhalte auf dieser Seite nicht vom Betreiber erstellt wurden, werden die Urheberrechte Dritter beachtet. Insbesondere werden Inhalte Dritter als solche gekennzeichnet. Sollten Sie trotzdem auf eine Urheberrechtsverletzung aufmerksam werden, bitten wir um einen entsprechenden Hinweis. Bei Bekanntwerden von Rechtsverletzungen werden wir derartige Inhalte umgehend entfernen.<\/p>\n<p><strong>Webdesign<\/strong><em><br \/>\n<\/em>Bildquellen:<br \/>\n<span style=\"font-size: 10pt;\">modern buildings in downtown of tokyo at twilight from empty foo #116215108 | \u00a9 zhu difeng &#8211; Fotolia.com<\/span><br \/>\n<span style=\"font-size: 10pt;\"> Skyline D\u00fcsseldorf &#8211; https:\/\/www.vonsalm.de\/v1\/wp-content\/uploads\/Dusseldorf-1.jpg &#8211; \u00a9\u00a0davis\u00a0\/ Fotolia<\/span><br \/>\n<span style=\"font-size: 10pt;\"> Essen Baldeneysee\u00a0&#8211; https:\/\/www.vonsalm.de\/v1\/wp-content\/uploads\/Baldeneysee.jpg &#8211; \u00a9 Frau Ladwig<\/span><br \/>\n<span style=\"font-size: 10pt;\"> \u00a9Warren Goldswain\/shutterstock \/<\/span><br \/>\n<span style=\"font-size: 10pt;\"> \u00a9Warakorn\/Fotolia\u00a0 \/\u00a0\u00a9JulietPhotography\/Fotolia\u00a0 \/<\/span><br \/>\n<span style=\"font-size: 10pt;\"> \u00a9monropic\/Fotolia \u00a0\/\u00a0Fotolia.com, 28584567, \u00a9 Yuri Arcurs \/<\/span><br \/>\n<span style=\"font-size: 10pt;\"> Fotolia.com \/ Anne Katrin Figge, Fotolia.com \/ Paul Marcus\u00a0 \/<\/span><br \/>\n<span style=\"font-size: 10pt;\"> Yuri Arcurs_Fotolia.com \/ Michael Wolf_Fotolia.com \/<\/span><br \/>\n<span style=\"font-size: 10pt;\"> Fotolia.com \/ Patrizia Tilly, Fotolia.com \/ sonya etchison, Fotolia.com \/<\/span><br \/>\n<span style=\"font-size: 10pt;\"> oliver-marc steffen, Fotolia.com \/ scaletus, Fotolia.com \/ Annie<\/span><br \/>\n<span style=\"font-size: 10pt;\"> Desaulniers, Fotolia.com \/ moodboard, Fotolia.com \/ Kurhan, Fotolia.com \/<\/span><br \/>\n<span style=\"font-size: 10pt;\"> Kurhan, Istockphoto.com \/ chris scredon \/ Fotolia.com \/ Yuri Arcus\/<\/span><br \/>\n<span style=\"font-size: 10pt;\"> Fotolia_533578_Pavel Losevsky \/ Fotolia_1557842_Olga Lapshina \/<\/span><br \/>\n<span style=\"font-size: 10pt;\"> Fotolia_5708855_rosam \/ Fotolia_7280930_Miroslava Arnaudova \/<\/span><br \/>\n<span style=\"font-size: 10pt;\"> Fotolia_8337205_Monkey Business \/ DigitalStock_744593_R. Galik \/<\/span><br \/>\n<span style=\"font-size: 10pt;\"> Fotolia_927359_Bernhard Lux \/ Fotolia_1691568_J\u00f6rg Franzen \/<\/span><br \/>\n<span style=\"font-size: 10pt;\"> Fotolia_3398368_javarman \/ Fotolia_7168491_Pamela Uyttendaele \/<\/span><br \/>\n<span style=\"font-size: 10pt;\"> Fotolia_7540397_Amir Kaljikovic \/ \u00a9 Sean Prior-Fotolia.com<\/span><\/p>\n<\/div><\/section>\n","protected":false},"excerpt":{"rendered":"","protected":false},"author":1,"featured_media":0,"parent":0,"menu_order":0,"comment_status":"closed","ping_status":"closed","template":"","meta":{"footnotes":""},"class_list":["post-463","page","type-page","status-publish","hentry"],"aioseo_notices":[],"_links":{"self":[{"href":"https:\/\/www.vonsalm.de\/v1\/index.php?rest_route=\/wp\/v2\/pages\/463","targetHints":{"allow":["GET"]}}],"collection":[{"href":"https:\/\/www.vonsalm.de\/v1\/index.php?rest_route=\/wp\/v2\/pages"}],"about":[{"href":"https:\/\/www.vonsalm.de\/v1\/index.php?rest_route=\/wp\/v2\/types\/page"}],"author":[{"embeddable":true,"href":"https:\/\/www.vonsalm.de\/v1\/index.php?rest_route=\/wp\/v2\/users\/1"}],"replies":[{"embeddable":true,"href":"https:\/\/www.vonsalm.de\/v1\/index.php?rest_route=%2Fwp%2Fv2%2Fcomments&post=463"}],"version-history":[{"count":12,"href":"https:\/\/www.vonsalm.de\/v1\/index.php?rest_route=\/wp\/v2\/pages\/463\/revisions"}],"predecessor-version":[{"id":4942,"href":"https:\/\/www.vonsalm.de\/v1\/index.php?rest_route=\/wp\/v2\/pages\/463\/revisions\/4942"}],"wp:attachment":[{"href":"https:\/\/www.vonsalm.de\/v1\/index.php?rest_route=%2Fwp%2Fv2%2Fmedia&parent=463"}],"curies":[{"name":"wp","href":"https:\/\/api.w.org\/{rel}","templated":true}]}}