{"id":461,"date":"2016-06-07T10:29:05","date_gmt":"2016-06-07T10:29:05","guid":{"rendered":"http:\/\/www.vonsalm.de\/v1\/?page_id=461"},"modified":"2018-05-02T08:26:51","modified_gmt":"2018-05-02T08:26:51","slug":"grundstueckstausch-gegen-immobilie","status":"publish","type":"page","link":"https:\/\/www.vonsalm.de\/v1\/?page_id=461","title":{"rendered":"Grundst\u00fcckstausch gegen Immobilie"},"content":{"rendered":"\n<style type=\"text\/css\" data-created_by=\"avia_inline_auto\" id=\"style-css-av-av_heading-f8cd9b15c84ea838b0856adcc6ab449f\">\n#top .av-special-heading.av-av_heading-f8cd9b15c84ea838b0856adcc6ab449f{\npadding-bottom:10px;\n}\nbody .av-special-heading.av-av_heading-f8cd9b15c84ea838b0856adcc6ab449f .av-special-heading-tag .heading-char{\nfont-size:25px;\n}\n.av-special-heading.av-av_heading-f8cd9b15c84ea838b0856adcc6ab449f .av-subheading{\nfont-size:15px;\n}\n<\/style>\n<div  class='av-special-heading av-av_heading-f8cd9b15c84ea838b0856adcc6ab449f av-special-heading-h1 blockquote classic-quote  avia-builder-el-0  el_before_av_one_half  avia-builder-el-first '><h1 class='av-special-heading-tag'  itemprop=\"headline\"  >Grundst\u00fcckstausch gegen Immobilie<\/h1><div class=\"special-heading-border\"><div class=\"special-heading-inner-border\"><\/div><\/div><\/div>\n\n<style type=\"text\/css\" data-created_by=\"avia_inline_auto\" id=\"style-css-av-av_one_half-40e04e59702ace7aa4422b20c9839dbe\">\n.flex_column.av-av_one_half-40e04e59702ace7aa4422b20c9839dbe{\n-webkit-border-radius:0px 0px 0px 0px;\n-moz-border-radius:0px 0px 0px 0px;\nborder-radius:0px 0px 0px 0px;\npadding:0px 0px 0px 0px;\n}\n<\/style>\n<div class='flex_column av-av_one_half-40e04e59702ace7aa4422b20c9839dbe av_one_half  avia-builder-el-1  el_after_av_heading  el_before_av_one_fifth  first flex_column_div av-zero-column-padding '     ><section  class='av_textblock_section av-av_textblock-0366cc7376be6c9e82a3e9cc8987b64f'  itemscope=\"itemscope\" itemtype=\"https:\/\/schema.org\/CreativeWork\" ><div class='avia_textblock'  itemprop=\"text\" ><p><strong>Haben Sie schon einmal dar\u00fcber nachgedacht Ihr ertragsloses Grundst\u00fcck gegen eine rentable Immobilie mit sicheren Einnahmen zu tauschen?<br \/>\n<\/strong><br \/>\nWir beraten Sie ganz unverbindlich und k\u00fcmmern uns gern, f\u00fcr Sie kostenfrei, um alle Phasen des Grundst\u00fccksverkaufs. Nutzen Sie die M\u00f6glichkeit Ihre Altimmobilie oder Ihr Grundst\u00fcck bei gleicher Wertsteigerung gegen regelm\u00e4\u00dfige Einnahmen in Form einer modernen Eigentumswohnung zu tauschen! zB. Wenn Ihr Grundst\u00fcck einen Wert von ca. 600.000\u20ac hat, erhalten Sie hierf\u00fcr Neubauimmobilien, welche Ihnen Mieteinnahmen von ca. 25.000\u20ac im Jahr sichern. Wahlweise erhalten Sie selbstverst\u00e4ndlich auch Bargeld in abgesicherter Zahlung. Der Verkauf eines Grundst\u00fcckes ist Vertrauenssache. Wir arbeiten eng mit renommierten Notaren zusammen und sichern Sie \u00fcber eine Bankbest\u00e4tigung ab. Sie erwartet eine seri\u00f6se Abwicklung mit sicherer Zahlung.<\/p>\n<p><strong>Machen Sie das Beste aus Ihrem Grundst\u00fcck!<\/strong><\/p>\n<\/div><\/section><\/div>\n\n<style type=\"text\/css\" data-created_by=\"avia_inline_auto\" id=\"style-css-av-av_one_fifth-9c1d454dc06f7247226bc4e8f931daae\">\n.flex_column.av-av_one_fifth-9c1d454dc06f7247226bc4e8f931daae{\n-webkit-border-radius:0px 0px 0px 0px;\n-moz-border-radius:0px 0px 0px 0px;\nborder-radius:0px 0px 0px 0px;\npadding:0px 0px 0px 0px;\n}\n<\/style>\n<div class='flex_column av-av_one_fifth-9c1d454dc06f7247226bc4e8f931daae av_one_fifth  avia-builder-el-3  el_after_av_one_half  el_before_av_one_fourth  flex_column_div av-zero-column-padding '     ><section  class='av_textblock_section av-av_textblock-0366cc7376be6c9e82a3e9cc8987b64f'  itemscope=\"itemscope\" itemtype=\"https:\/\/schema.org\/CreativeWork\" ><div class='avia_textblock'  itemprop=\"text\" ><div id=\"attachment_380\" style=\"width: 210px\" class=\"wp-caption alignleft\"><a href=\"http:\/\/www.vonsalm.de\/cms\/wp-content\/uploads\/2015-09.-Verena-Kroppach1.jpg\"><img loading=\"lazy\" decoding=\"async\" aria-describedby=\"caption-attachment-380\" class=\"wp-image-380 size-full lazyload\" data-src=\"http:\/\/www.vonsalm.de\/v1\/wp-content\/uploads\/2016\/05\/2015-09.-Verena-Kroppach1-200x300-200x300.jpg\" alt=\"Verena Kroppach\" width=\"200\" height=\"300\" src=\"data:image\/gif;base64,R0lGODlhAQABAAAAACH5BAEKAAEALAAAAAABAAEAAAICTAEAOw==\" style=\"--smush-placeholder-width: 200px; --smush-placeholder-aspect-ratio: 200\/300;\" \/><noscript><img loading=\"lazy\" decoding=\"async\" aria-describedby=\"caption-attachment-380\" class=\"wp-image-380 size-full\" src=\"http:\/\/www.vonsalm.de\/v1\/wp-content\/uploads\/2016\/05\/2015-09.-Verena-Kroppach1-200x300-200x300.jpg\" alt=\"Verena Kroppach\" width=\"200\" height=\"300\" \/><\/noscript><\/a><p id=\"caption-attachment-380\" class=\"wp-caption-text\">Verena Kroppach<\/p><\/div>\n<\/div><\/section><\/div>\n<style type=\"text\/css\" data-created_by=\"avia_inline_auto\" id=\"style-css-av-av_one_fourth-9c1d454dc06f7247226bc4e8f931daae\">\n.flex_column.av-av_one_fourth-9c1d454dc06f7247226bc4e8f931daae{\n-webkit-border-radius:0px 0px 0px 0px;\n-moz-border-radius:0px 0px 0px 0px;\nborder-radius:0px 0px 0px 0px;\npadding:0px 0px 0px 0px;\n}\n<\/style>\n<div class='flex_column av-av_one_fourth-9c1d454dc06f7247226bc4e8f931daae av_one_fourth  avia-builder-el-5  el_after_av_one_fifth  avia-builder-el-last  flex_column_div av-zero-column-padding '     ><section  class='av_textblock_section av-av_textblock-0366cc7376be6c9e82a3e9cc8987b64f'  itemscope=\"itemscope\" itemtype=\"https:\/\/schema.org\/CreativeWork\" ><div class='avia_textblock'  itemprop=\"text\" ><p><strong>Sofortkontakt<\/strong><\/p>\n<div role=\"form\" class=\"wpcf7\" id=\"wpcf7-f479-o1\" lang=\"de-DE\" dir=\"ltr\">\n<div class=\"screen-reader-response\"><p role=\"status\" aria-live=\"polite\" aria-atomic=\"true\"><\/p> <ul><\/ul><\/div>\n<form action=\"\/v1\/index.php?rest_route=%2Fwp%2Fv2%2Fpages%2F461#wpcf7-f479-o1\" method=\"post\" class=\"wpcf7-form init\" novalidate=\"novalidate\" data-status=\"init\">\n<div style=\"display: none;\">\n<input type=\"hidden\" name=\"_wpcf7\" value=\"479\" \/>\n<input type=\"hidden\" name=\"_wpcf7_version\" value=\"5.3.2\" \/>\n<input type=\"hidden\" name=\"_wpcf7_locale\" value=\"de_DE\" \/>\n<input type=\"hidden\" name=\"_wpcf7_unit_tag\" value=\"wpcf7-f479-o1\" \/>\n<input type=\"hidden\" name=\"_wpcf7_container_post\" value=\"0\" \/>\n<input type=\"hidden\" name=\"_wpcf7_posted_data_hash\" value=\"\" \/>\n<\/div>\n<p><span class=\"wpcf7-form-control-wrap your-name\"><input type=\"text\" name=\"your-name\" value=\"\" size=\"40\" class=\"wpcf7-form-control wpcf7-text wpcf7-validates-as-required\" aria-required=\"true\" aria-invalid=\"false\" placeholder=\"Ihr Name (Pflichtfeld\" \/><\/span> <\/p>\n<p>    <span class=\"wpcf7-form-control-wrap your-email\"><input type=\"email\" name=\"your-email\" value=\"\" size=\"40\" class=\"wpcf7-form-control wpcf7-text wpcf7-email wpcf7-validates-as-required wpcf7-validates-as-email\" aria-required=\"true\" aria-invalid=\"false\" placeholder=\"Ihre Email (Pflichtfeld)\" \/><\/span> <\/p>\n<p>    <span class=\"wpcf7-form-control-wrap your-subject\"><input type=\"text\" name=\"your-subject\" value=\"\" size=\"40\" class=\"wpcf7-form-control wpcf7-text wpcf7-validates-as-required\" aria-required=\"true\" aria-invalid=\"false\" placeholder=\"Betreff (Pflichtfeld)\" \/><\/span> <\/p>\n<p>    <span class=\"wpcf7-form-control-wrap tel\"><input type=\"text\" name=\"tel\" value=\"\" size=\"40\" class=\"wpcf7-form-control wpcf7-text\" aria-invalid=\"false\" placeholder=\"Ihre Telefonnummer\" \/><\/span> <\/p>\n<p>    <span class=\"wpcf7-form-control-wrap anschrift\"><input type=\"text\" name=\"anschrift\" value=\"\" size=\"40\" class=\"wpcf7-form-control wpcf7-text\" aria-invalid=\"false\" placeholder=\"Ihre Anschrift\" \/><\/span> <\/p>\n<p>    <span class=\"wpcf7-form-control-wrap your-message\"><textarea name=\"your-message\" cols=\"40\" rows=\"10\" class=\"wpcf7-form-control wpcf7-textarea wpcf7-validates-as-required\" aria-required=\"true\" aria-invalid=\"false\" placeholder=\"Ihre Nachricht (Pflichtfeld)\"><\/textarea><\/span> <\/p>\n<p><span class=\"wpcf7-form-control-wrap kc_captcha\"><span class=\"wpcf7-form-control wpcf7-radio\"> \n    <span class=\"captcha-image\" >\n        <span class=\"cf7ic_instructions\">Bitte beweise, dass du kein Spambot bist und w\u00e4hle das Symbol<span> Haus<\/span> aus.<\/span><label><input type=\"radio\" name=\"kc_captcha\" value=\"kc_human\" \/><svg width=\"50px\" height=\"50px\" aria-hidden=\"true\" role=\"img\" xmlns=\"http:\/\/www.w3.org\/2000\/svg\" viewBox=\"0 0 576 512\"><path fill=\"currentColor\" d=\"M488 312.7V456c0 13.3-10.7 24-24 24H348c-6.6 0-12-5.4-12-12V356c0-6.6-5.4-12-12-12h-72c-6.6 0-12 5.4-12 12v112c0 6.6-5.4 12-12 12H112c-13.3 0-24-10.7-24-24V312.7c0-3.6 1.6-7 4.4-9.3l188-154.8c4.4-3.6 10.8-3.6 15.3 0l188 154.8c2.7 2.3 4.3 5.7 4.3 9.3zm83.6-60.9L488 182.9V44.4c0-6.6-5.4-12-12-12h-56c-6.6 0-12 5.4-12 12V117l-89.5-73.7c-17.7-14.6-43.3-14.6-61 0L4.4 251.8c-5.1 4.2-5.8 11.8-1.6 16.9l25.5 31c4.2 5.1 11.8 5.8 16.9 1.6l235.2-193.7c4.4-3.6 10.8-3.6 15.3 0l235.2 193.7c5.1 4.2 12.7 3.5 16.9-1.6l25.5-31c4.2-5.2 3.4-12.7-1.7-16.9z\"><\/path><\/svg><\/label><label><input type=\"radio\" name=\"kc_captcha\" value=\"bot\" \/><svg width=\"50px\" height=\"50px\" aria-hidden=\"true\" role=\"img\" xmlns=\"http:\/\/www.w3.org\/2000\/svg\" viewBox=\"0 0 512 512\"><path fill=\"currentColor\" d=\"M499.991 168h-54.815l-7.854-20.944c-9.192-24.513-25.425-45.351-46.942-60.263S343.651 64 317.472 64H194.528c-26.18 0-51.391 7.882-72.908 22.793-21.518 14.912-37.75 35.75-46.942 60.263L66.824 168H12.009c-8.191 0-13.974 8.024-11.384 15.795l8 24A12 12 0 0 0 20.009 216h28.815l-.052.14C29.222 227.093 16 247.997 16 272v48c0 16.225 6.049 31.029 16 42.309V424c0 13.255 10.745 24 24 24h48c13.255 0 24-10.745 24-24v-40h256v40c0 13.255 10.745 24 24 24h48c13.255 0 24-10.745 24-24v-61.691c9.951-11.281 16-26.085 16-42.309v-48c0-24.003-13.222-44.907-32.772-55.86l-.052-.14h28.815a12 12 0 0 0 11.384-8.205l8-24c2.59-7.771-3.193-15.795-11.384-15.795zm-365.388 1.528C143.918 144.689 168 128 194.528 128h122.944c26.528 0 50.61 16.689 59.925 41.528L391.824 208H120.176l14.427-38.472zM88 328c-17.673 0-32-14.327-32-32 0-17.673 14.327-32 32-32s48 30.327 48 48-30.327 16-48 16zm336 0c-17.673 0-48 1.673-48-16 0-17.673 30.327-48 48-48s32 14.327 32 32c0 17.673-14.327 32-32 32z\"><\/path><\/svg><\/label><label><input type=\"radio\" name=\"kc_captcha\" value=\"bot\" \/><svg width=\"50px\" height=\"50px\" aria-hidden=\"true\" role=\"img\" xmlns=\"http:\/\/www.w3.org\/2000\/svg\" viewBox=\"0 0 640 512\"><path fill=\"currentColor\" d=\"M624 352h-16V243.9c0-12.7-5.1-24.9-14.1-33.9L494 110.1c-9-9-21.2-14.1-33.9-14.1H416V48c0-26.5-21.5-48-48-48H48C21.5 0 0 21.5 0 48v320c0 26.5 21.5 48 48 48h16c0 53 43 96 96 96s96-43 96-96h128c0 53 43 96 96 96s96-43 96-96h48c8.8 0 16-7.2 16-16v-32c0-8.8-7.2-16-16-16zM160 464c-26.5 0-48-21.5-48-48s21.5-48 48-48 48 21.5 48 48-21.5 48-48 48zm320 0c-26.5 0-48-21.5-48-48s21.5-48 48-48 48 21.5 48 48-21.5 48-48 48zm80-208H416V144h44.1l99.9 99.9V256z\"><\/path><\/svg><\/label>\n    <\/span>\n    <span style=\"display:none\">\n        <input type=\"text\" name=\"kc_honeypot\">\n    <\/span><\/span><\/span><\/p>\n<p><span class=\"wpcf7-form-control-wrap datenschutz\"><span class=\"wpcf7-form-control wpcf7-acceptance\"><span class=\"wpcf7-list-item\"><input type=\"checkbox\" name=\"datenschutz\" value=\"1\" aria-invalid=\"false\" \/><\/span><\/span><\/span> <strong>Einwilligungserkl\u00e4rung Datenschutz<\/strong><br\/><br \/>\nJa, ich habe die <a href=\"https:\/\/www.vonsalm.de\/v1\/?page_id=467\" target=\"_blank\">Datenschutzerkl\u00e4rung<\/a> zur Kenntnis genommen und bin damit einverstanden, dass die von mir angegebenen Daten elektronisch erhoben und gespeichert werden. Meine Daten werden dabei nur streng zweckgebunden zur Bearbeitung und Beantwortung meiner Anfrage benutzt.\n<\/p>\n<p><input type=\"submit\" value=\"Senden\" class=\"wpcf7-form-control wpcf7-submit\" \/><\/p>\n<div class=\"wpcf7-response-output\" aria-hidden=\"true\"><\/div><\/form><\/div>\n<\/div><\/section><\/div>\n","protected":false},"excerpt":{"rendered":"","protected":false},"author":1,"featured_media":0,"parent":0,"menu_order":0,"comment_status":"closed","ping_status":"closed","template":"","meta":{"footnotes":""},"class_list":["post-461","page","type-page","status-publish","hentry"],"aioseo_notices":[],"_links":{"self":[{"href":"https:\/\/www.vonsalm.de\/v1\/index.php?rest_route=\/wp\/v2\/pages\/461","targetHints":{"allow":["GET"]}}],"collection":[{"href":"https:\/\/www.vonsalm.de\/v1\/index.php?rest_route=\/wp\/v2\/pages"}],"about":[{"href":"https:\/\/www.vonsalm.de\/v1\/index.php?rest_route=\/wp\/v2\/types\/page"}],"author":[{"embeddable":true,"href":"https:\/\/www.vonsalm.de\/v1\/index.php?rest_route=\/wp\/v2\/users\/1"}],"replies":[{"embeddable":true,"href":"https:\/\/www.vonsalm.de\/v1\/index.php?rest_route=%2Fwp%2Fv2%2Fcomments&post=461"}],"version-history":[{"count":13,"href":"https:\/\/www.vonsalm.de\/v1\/index.php?rest_route=\/wp\/v2\/pages\/461\/revisions"}],"predecessor-version":[{"id":4159,"href":"https:\/\/www.vonsalm.de\/v1\/index.php?rest_route=\/wp\/v2\/pages\/461\/revisions\/4159"}],"wp:attachment":[{"href":"https:\/\/www.vonsalm.de\/v1\/index.php?rest_route=%2Fwp%2Fv2%2Fmedia&parent=461"}],"curies":[{"name":"wp","href":"https:\/\/api.w.org\/{rel}","templated":true}]}}