{"id":1416,"date":"2016-10-18T07:01:55","date_gmt":"2016-10-18T07:01:55","guid":{"rendered":"http:\/\/www.vonsalm.de\/v1\/?page_id=1416"},"modified":"2018-07-31T06:44:45","modified_gmt":"2018-07-31T06:44:45","slug":"jve-new","status":"publish","type":"page","link":"https:\/\/www.vonsalm.de\/v1\/?page_id=1416","title":{"rendered":"Joseph-von-Eichendorff-Stra\u00dfe 11-13"},"content":{"rendered":"<div  class='tabcontainer av-av_tab_container-0bacd910096d11a3cec6dfb538798966 top_tab  avia-builder-el-0  avia-builder-el-no-sibling ' role='tablist'>\n<section class='av_tab_section av_tab_section av-av_tab-97a52a19ddb6efe2a32f6946d30107fa'  itemscope=\"itemscope\" itemtype=\"https:\/\/schema.org\/CreativeWork\" ><div class='tab active_tab' role='tab' tabindex='0' data-fake-id='#tab-id-1' aria-controls='tab-id-1-content'  itemprop=\"headline\" ><span class='tab_icon' aria-hidden='true' data-av_icon='\ue821' data-av_iconfont='entypo-fontello'><\/span>Dinslaken Joseph-von-Eichendorff-Stra\u00dfe<\/div><div id='tab-id-1-content' class='tab_content active_tab_content' aria-hidden=\"false\"><div class='tab_inner_content invers-color'  itemprop=\"text\" ><p><strong>Dinslaken<\/strong><br \/>\n<strong> Joseph-von-Eichendorff-Stra\u00dfe 11-13<\/strong><\/p>\n<p>10 attraktive Eigentumswohnungen<\/p>\n<p>Wohnfl\u00e4chen von 78 m\u00b2 bis 128 m\u00b2<br \/>\nab 219.900 \u20ac<\/p>\n<p><a href=\"https:\/\/www.vonsalm.de\/v1\/wp-content\/uploads\/Vorne-3-Copy.jpg\"><img loading=\"lazy\" decoding=\"async\" class=\"alignnone wp-image-1421 size-full lazyload\" data-src=\"https:\/\/www.vonsalm.de\/v1\/wp-content\/uploads\/Vorne-3-Copy.jpg\" alt=\"vorne-3-copy\" width=\"1365\" height=\"768\" data-srcset=\"https:\/\/www.vonsalm.de\/v1\/wp-content\/uploads\/Vorne-3-Copy.jpg 1365w, https:\/\/www.vonsalm.de\/v1\/wp-content\/uploads\/Vorne-3-Copy-300x169.jpg 300w, https:\/\/www.vonsalm.de\/v1\/wp-content\/uploads\/Vorne-3-Copy-1030x580.jpg 1030w, https:\/\/www.vonsalm.de\/v1\/wp-content\/uploads\/Vorne-3-Copy-705x397.jpg 705w, https:\/\/www.vonsalm.de\/v1\/wp-content\/uploads\/Vorne-3-Copy-450x253.jpg 450w\" data-sizes=\"auto, (max-width: 1365px) 100vw, 1365px\" src=\"data:image\/gif;base64,R0lGODlhAQABAAAAACH5BAEKAAEALAAAAAABAAEAAAICTAEAOw==\" style=\"--smush-placeholder-width: 1365px; --smush-placeholder-aspect-ratio: 1365\/768;\" \/><noscript><img loading=\"lazy\" decoding=\"async\" class=\"alignnone wp-image-1421 size-full\" src=\"https:\/\/www.vonsalm.de\/v1\/wp-content\/uploads\/Vorne-3-Copy.jpg\" alt=\"vorne-3-copy\" width=\"1365\" height=\"768\" srcset=\"https:\/\/www.vonsalm.de\/v1\/wp-content\/uploads\/Vorne-3-Copy.jpg 1365w, https:\/\/www.vonsalm.de\/v1\/wp-content\/uploads\/Vorne-3-Copy-300x169.jpg 300w, https:\/\/www.vonsalm.de\/v1\/wp-content\/uploads\/Vorne-3-Copy-1030x580.jpg 1030w, https:\/\/www.vonsalm.de\/v1\/wp-content\/uploads\/Vorne-3-Copy-705x397.jpg 705w, https:\/\/www.vonsalm.de\/v1\/wp-content\/uploads\/Vorne-3-Copy-450x253.jpg 450w\" sizes=\"auto, (max-width: 1365px) 100vw, 1365px\" \/><\/noscript><\/a><\/p>\n<p><section  class='av_textblock_section av-av_textblock-0366cc7376be6c9e82a3e9cc8987b64f'  itemscope=\"itemscope\" itemtype=\"https:\/\/schema.org\/CreativeWork\" ><div class='avia_textblock'  itemprop=\"text\" ><p>Nutzen Sie soziale Netzwerke und empfehlen Sie dieses Objekt an einen Bekannten:<\/p>\n<\/div><\/section><br \/>\n<\/p>\n<p><em><strong>Highlights<br \/>\n<\/strong><\/em><\/p>\n<ul>\n<li>Individuell gestaltbare Grundrisse<\/li>\n<li>Moderne Fu\u00dfbodenheizung<\/li>\n<li>Alle Wohnungen barrierefrei durch Aufzug zu erreichen<\/li>\n<li>Idyllische G\u00e4rten und Balkone bzw. Dachterrassen<\/li>\n<li>Alle B\u00e4der verf\u00fcgen \u00fcber Fenster und bieten Tageslicht<\/li>\n<li>Wohnungsgr\u00f6\u00dfen von ca. 78 -128 m\u00b2<\/li>\n<li>Kaufpreis ab 219.000 Euro<\/li>\n<\/ul>\n<p><strong>F\u00fcr weitere Informationen senden wir Ihnen gerne unser ausf\u00fchrliches Expos\u00e9 zu.<br \/>\nSie k\u00f6nnen ein Expos\u00e9 ganz bequem <a href=\"#tab-id-5\">per E-Mail<\/a> anfordern.<\/strong><\/p>\n<\/div><\/div><\/section>\n<section class='av_tab_section av_tab_section av-av_tab-5f9fef35c7aaa754ff461861645593be'  itemscope=\"itemscope\" itemtype=\"https:\/\/schema.org\/CreativeWork\" ><div class='tab' role='tab' tabindex='0' data-fake-id='#tab-id-2' aria-controls='tab-id-2-content'  itemprop=\"headline\" ><span class='tab_icon' aria-hidden='true' data-av_icon='\ue84b' data-av_iconfont='entypo-fontello'><\/span>Preise &amp; Grundrisse<\/div><div id='tab-id-2-content' class='tab_content' aria-hidden=\"true\"><div class='tab_inner_content invers-color'  itemprop=\"text\" ><div  class='avia-button-wrap av-av_button-d98f366de8f3eff172f6a73899010249-wrap avia-button-left  avia-builder-el-3  el_after_av_sidebar  avia-builder-el-last ' ><a href='https:\/\/www.vonsalm.de\/v1\/wp-content\/uploads\/Preisliste-JvE-11-13Homepage_Grundrisse.pdf'  class='avia-button av-av_button-d98f366de8f3eff172f6a73899010249 avia-icon_select-yes-left-icon avia-size-medium avia-position-left avia-color-theme-color'  target=\"_blank\"  rel=\"noopener noreferrer\"><span class='avia_button_icon avia_button_icon_left' aria-hidden='true' data-av_icon='\ue835' data-av_iconfont='entypo-fontello'><\/span><span class='avia_iconbox_title' >PDF-Datei im Vollbildmodus \u00f6ffnen<\/span><\/a><\/div>\n<div style=\"float: left; line-height: 44px; font-weight: bold; margin-left: 15px; color: #880000;\">Dieses Objekt ist vollst\u00e4ndig verkauft.<\/div>\n<p><iframe loading=\"lazy\" style=\"width: 100%; height: 700px;\" data-src=\"https:\/\/docs.google.com\/gview?url=https:\/\/www.vonsalm.de\/v1\/wp-content\/uploads\/Preisliste-JvE-11-13Homepage_Grundrisse.pdf&amp;embedded=true\" width=\"300\" height=\"150\" frameborder=\"0\" src=\"data:image\/gif;base64,R0lGODlhAQABAAAAACH5BAEKAAEALAAAAAABAAEAAAICTAEAOw==\" class=\"lazyload\" data-load-mode=\"1\"><\/iframe><\/p>\n<\/div><\/div><\/section>\n<section class='av_tab_section av_tab_section av-av_tab-235cc9d68d16faf78a2495bda5480fb0'  itemscope=\"itemscope\" itemtype=\"https:\/\/schema.org\/CreativeWork\" ><div class='tab' role='tab' tabindex='0' data-fake-id='#tab-id-3' aria-controls='tab-id-3-content'  itemprop=\"headline\" ><span class='tab_icon' aria-hidden='true' data-av_icon='\ue841' data-av_iconfont='entypo-fontello'><\/span>Lageplan<\/div><div id='tab-id-3-content' class='tab_content' aria-hidden=\"true\"><div class='tab_inner_content invers-color'  itemprop=\"text\" ><p><iframe loading=\"lazy\" style=\"border: 0;\" data-src=\"https:\/\/www.google.com\/maps\/embed?pb=!1m18!1m12!1m3!1d1240.156063632361!2d6.718727999999998!3d51.569949!2m3!1f0!2f0!3f0!3m2!1i1024!2i768!4f13.1!3m3!1m2!1s0x47b896ae9f42b933%3A0xbb340f94b0e8a554!2sJoseph-von-Eichendorff-Stra%C3%9Fe%2C+46537+Dinslaken%2C+Deutschland!5e0!3m2!1sde!2suk!4v1461247451593\" width=\"100%\" height=\"450\" frameborder=\"0\" allowfullscreen=\"allowfullscreen\" src=\"data:image\/gif;base64,R0lGODlhAQABAAAAACH5BAEKAAEALAAAAAABAAEAAAICTAEAOw==\" class=\"lazyload\" data-load-mode=\"1\"><\/iframe><\/p>\n<p><iframe loading=\"lazy\" style=\"border: 0;\" data-src=\"https:\/\/www.google.com\/maps\/embed?pb=!1m18!1m12!1m3!1d925.2675099552807!2d6.718144173250567!3d51.57000157803691!2m3!1f0!2f0!3f0!3m2!1i1024!2i768!4f13.1!3m3!1m2!1s0x47b896ae9f42b933%3A0xbb340f94b0e8a554!2sJoseph-von-Eichendorff-Stra%C3%9Fe%2C+46537+Dinslaken%2C+Deutschland!5e1!3m2!1sde!2suk!4v1448627458176\" width=\"100%\" height=\"450\" frameborder=\"0\" allowfullscreen=\"allowfullscreen\" src=\"data:image\/gif;base64,R0lGODlhAQABAAAAACH5BAEKAAEALAAAAAABAAEAAAICTAEAOw==\" class=\"lazyload\" data-load-mode=\"1\"><\/iframe><\/p>\n<\/div><\/div><\/section>\n<section class='av_tab_section av_tab_section av-av_tab-1583b3d60931b3f7ef87db75d4d0070f'  itemscope=\"itemscope\" itemtype=\"https:\/\/schema.org\/CreativeWork\" ><div class='tab' role='tab' tabindex='0' data-fake-id='#tab-id-4' aria-controls='tab-id-4-content'  itemprop=\"headline\" ><span class='tab_icon' aria-hidden='true' data-av_icon='\ue80e' data-av_iconfont='entypo-fontello'><\/span>Weitere Bilder<\/div><div id='tab-id-4-content' class='tab_content' aria-hidden=\"true\"><div class='tab_inner_content invers-color'  itemprop=\"text\" ><p><a href=\"https:\/\/www.vonsalm.de\/v1\/wp-content\/uploads\/hinten-3-Copy.jpg\"><img loading=\"lazy\" decoding=\"async\" class=\"alignnone wp-image-1422 size-medium lazyload\" data-src=\"https:\/\/www.vonsalm.de\/v1\/wp-content\/uploads\/hinten-3-Copy-300x169.jpg\" width=\"300\" height=\"169\" data-srcset=\"https:\/\/www.vonsalm.de\/v1\/wp-content\/uploads\/hinten-3-Copy-300x169.jpg 300w, https:\/\/www.vonsalm.de\/v1\/wp-content\/uploads\/hinten-3-Copy-1030x580.jpg 1030w, https:\/\/www.vonsalm.de\/v1\/wp-content\/uploads\/hinten-3-Copy-705x397.jpg 705w, https:\/\/www.vonsalm.de\/v1\/wp-content\/uploads\/hinten-3-Copy-450x253.jpg 450w, https:\/\/www.vonsalm.de\/v1\/wp-content\/uploads\/hinten-3-Copy.jpg 1365w\" data-sizes=\"auto, (max-width: 300px) 100vw, 300px\" src=\"data:image\/gif;base64,R0lGODlhAQABAAAAACH5BAEKAAEALAAAAAABAAEAAAICTAEAOw==\" style=\"--smush-placeholder-width: 300px; --smush-placeholder-aspect-ratio: 300\/169;\" \/><noscript><img loading=\"lazy\" decoding=\"async\" class=\"alignnone wp-image-1422 size-medium\" src=\"https:\/\/www.vonsalm.de\/v1\/wp-content\/uploads\/hinten-3-Copy-300x169.jpg\" width=\"300\" height=\"169\" srcset=\"https:\/\/www.vonsalm.de\/v1\/wp-content\/uploads\/hinten-3-Copy-300x169.jpg 300w, https:\/\/www.vonsalm.de\/v1\/wp-content\/uploads\/hinten-3-Copy-1030x580.jpg 1030w, https:\/\/www.vonsalm.de\/v1\/wp-content\/uploads\/hinten-3-Copy-705x397.jpg 705w, https:\/\/www.vonsalm.de\/v1\/wp-content\/uploads\/hinten-3-Copy-450x253.jpg 450w, https:\/\/www.vonsalm.de\/v1\/wp-content\/uploads\/hinten-3-Copy.jpg 1365w\" sizes=\"auto, (max-width: 300px) 100vw, 300px\" \/><\/noscript><\/a> <a href=\"https:\/\/www.vonsalm.de\/v1\/wp-content\/uploads\/penthouse-Copy.jpg\"><img loading=\"lazy\" decoding=\"async\" class=\"alignnone wp-image-1423 size-medium lazyload\" data-src=\"https:\/\/www.vonsalm.de\/v1\/wp-content\/uploads\/penthouse-Copy-300x169.jpg\" alt=\"penthouse-copy\" width=\"300\" height=\"169\" data-srcset=\"https:\/\/www.vonsalm.de\/v1\/wp-content\/uploads\/penthouse-Copy-300x169.jpg 300w, https:\/\/www.vonsalm.de\/v1\/wp-content\/uploads\/penthouse-Copy-1030x580.jpg 1030w, https:\/\/www.vonsalm.de\/v1\/wp-content\/uploads\/penthouse-Copy-705x397.jpg 705w, https:\/\/www.vonsalm.de\/v1\/wp-content\/uploads\/penthouse-Copy-450x253.jpg 450w, https:\/\/www.vonsalm.de\/v1\/wp-content\/uploads\/penthouse-Copy.jpg 1365w\" data-sizes=\"auto, (max-width: 300px) 100vw, 300px\" src=\"data:image\/gif;base64,R0lGODlhAQABAAAAACH5BAEKAAEALAAAAAABAAEAAAICTAEAOw==\" style=\"--smush-placeholder-width: 300px; --smush-placeholder-aspect-ratio: 300\/169;\" \/><noscript><img loading=\"lazy\" decoding=\"async\" class=\"alignnone wp-image-1423 size-medium\" src=\"https:\/\/www.vonsalm.de\/v1\/wp-content\/uploads\/penthouse-Copy-300x169.jpg\" alt=\"penthouse-copy\" width=\"300\" height=\"169\" srcset=\"https:\/\/www.vonsalm.de\/v1\/wp-content\/uploads\/penthouse-Copy-300x169.jpg 300w, https:\/\/www.vonsalm.de\/v1\/wp-content\/uploads\/penthouse-Copy-1030x580.jpg 1030w, https:\/\/www.vonsalm.de\/v1\/wp-content\/uploads\/penthouse-Copy-705x397.jpg 705w, https:\/\/www.vonsalm.de\/v1\/wp-content\/uploads\/penthouse-Copy-450x253.jpg 450w, https:\/\/www.vonsalm.de\/v1\/wp-content\/uploads\/penthouse-Copy.jpg 1365w\" sizes=\"auto, (max-width: 300px) 100vw, 300px\" \/><\/noscript><\/a> <a href=\"https:\/\/www.vonsalm.de\/v1\/wp-content\/uploads\/Terrasse-Aussenwohnung-Copy.jpg\"><img loading=\"lazy\" decoding=\"async\" class=\"alignnone wp-image-1424 size-medium lazyload\" data-src=\"https:\/\/www.vonsalm.de\/v1\/wp-content\/uploads\/Terrasse-Aussenwohnung-Copy-300x169.jpg\" alt=\"terrasse-aussenwohnung-copy\" width=\"300\" height=\"169\" data-srcset=\"https:\/\/www.vonsalm.de\/v1\/wp-content\/uploads\/Terrasse-Aussenwohnung-Copy-300x169.jpg 300w, https:\/\/www.vonsalm.de\/v1\/wp-content\/uploads\/Terrasse-Aussenwohnung-Copy-1030x580.jpg 1030w, https:\/\/www.vonsalm.de\/v1\/wp-content\/uploads\/Terrasse-Aussenwohnung-Copy-705x397.jpg 705w, https:\/\/www.vonsalm.de\/v1\/wp-content\/uploads\/Terrasse-Aussenwohnung-Copy-450x253.jpg 450w, https:\/\/www.vonsalm.de\/v1\/wp-content\/uploads\/Terrasse-Aussenwohnung-Copy.jpg 1365w\" data-sizes=\"auto, (max-width: 300px) 100vw, 300px\" src=\"data:image\/gif;base64,R0lGODlhAQABAAAAACH5BAEKAAEALAAAAAABAAEAAAICTAEAOw==\" style=\"--smush-placeholder-width: 300px; --smush-placeholder-aspect-ratio: 300\/169;\" \/><noscript><img loading=\"lazy\" decoding=\"async\" class=\"alignnone wp-image-1424 size-medium\" src=\"https:\/\/www.vonsalm.de\/v1\/wp-content\/uploads\/Terrasse-Aussenwohnung-Copy-300x169.jpg\" alt=\"terrasse-aussenwohnung-copy\" width=\"300\" height=\"169\" srcset=\"https:\/\/www.vonsalm.de\/v1\/wp-content\/uploads\/Terrasse-Aussenwohnung-Copy-300x169.jpg 300w, https:\/\/www.vonsalm.de\/v1\/wp-content\/uploads\/Terrasse-Aussenwohnung-Copy-1030x580.jpg 1030w, https:\/\/www.vonsalm.de\/v1\/wp-content\/uploads\/Terrasse-Aussenwohnung-Copy-705x397.jpg 705w, https:\/\/www.vonsalm.de\/v1\/wp-content\/uploads\/Terrasse-Aussenwohnung-Copy-450x253.jpg 450w, https:\/\/www.vonsalm.de\/v1\/wp-content\/uploads\/Terrasse-Aussenwohnung-Copy.jpg 1365w\" sizes=\"auto, (max-width: 300px) 100vw, 300px\" \/><\/noscript><\/a> <a href=\"https:\/\/www.vonsalm.de\/v1\/wp-content\/uploads\/Vorne-3-Copy-1.jpg\"><img loading=\"lazy\" decoding=\"async\" class=\"alignnone wp-image-1425 size-medium lazyload\" data-src=\"https:\/\/www.vonsalm.de\/v1\/wp-content\/uploads\/Vorne-3-Copy-1-300x169.jpg\" alt=\"vorne-3-copy\" width=\"300\" height=\"169\" data-srcset=\"https:\/\/www.vonsalm.de\/v1\/wp-content\/uploads\/Vorne-3-Copy-1-300x169.jpg 300w, https:\/\/www.vonsalm.de\/v1\/wp-content\/uploads\/Vorne-3-Copy-1-1030x580.jpg 1030w, https:\/\/www.vonsalm.de\/v1\/wp-content\/uploads\/Vorne-3-Copy-1-705x397.jpg 705w, https:\/\/www.vonsalm.de\/v1\/wp-content\/uploads\/Vorne-3-Copy-1-450x253.jpg 450w, https:\/\/www.vonsalm.de\/v1\/wp-content\/uploads\/Vorne-3-Copy-1.jpg 1365w\" data-sizes=\"auto, (max-width: 300px) 100vw, 300px\" src=\"data:image\/gif;base64,R0lGODlhAQABAAAAACH5BAEKAAEALAAAAAABAAEAAAICTAEAOw==\" style=\"--smush-placeholder-width: 300px; --smush-placeholder-aspect-ratio: 300\/169;\" \/><noscript><img loading=\"lazy\" decoding=\"async\" class=\"alignnone wp-image-1425 size-medium\" src=\"https:\/\/www.vonsalm.de\/v1\/wp-content\/uploads\/Vorne-3-Copy-1-300x169.jpg\" alt=\"vorne-3-copy\" width=\"300\" height=\"169\" srcset=\"https:\/\/www.vonsalm.de\/v1\/wp-content\/uploads\/Vorne-3-Copy-1-300x169.jpg 300w, https:\/\/www.vonsalm.de\/v1\/wp-content\/uploads\/Vorne-3-Copy-1-1030x580.jpg 1030w, https:\/\/www.vonsalm.de\/v1\/wp-content\/uploads\/Vorne-3-Copy-1-705x397.jpg 705w, https:\/\/www.vonsalm.de\/v1\/wp-content\/uploads\/Vorne-3-Copy-1-450x253.jpg 450w, https:\/\/www.vonsalm.de\/v1\/wp-content\/uploads\/Vorne-3-Copy-1.jpg 1365w\" sizes=\"auto, (max-width: 300px) 100vw, 300px\" \/><\/noscript><\/a><\/p>\n<\/div><\/div><\/section>\n<section class='av_tab_section av_tab_section av-av_tab-0715596ce1db895ab2281407232f2c1b'  itemscope=\"itemscope\" itemtype=\"https:\/\/schema.org\/CreativeWork\" ><div class='tab' role='tab' tabindex='0' data-fake-id='#tab-id-5' aria-controls='tab-id-5-content'  itemprop=\"headline\" ><span class='tab_icon' aria-hidden='true' data-av_icon='\ue805' data-av_iconfont='entypo-fontello'><\/span>Sofortkontakt<\/div><div id='tab-id-5-content' class='tab_content' aria-hidden=\"true\"><div class='tab_inner_content invers-color'  itemprop=\"text\" ><p><strong><em><img loading=\"lazy\" decoding=\"async\" class=\"alignleft size-medium wp-image-325 lazyload\" data-src=\"https:\/\/www.vonsalm.de\/v1\/wp-content\/uploads\/2016\/05\/2015-09.-Verena-Kroppach1-200x300-200x300.jpg\" alt=\"Verena-Kroppach\" width=\"200\" height=\"300\" src=\"data:image\/gif;base64,R0lGODlhAQABAAAAACH5BAEKAAEALAAAAAABAAEAAAICTAEAOw==\" style=\"--smush-placeholder-width: 200px; --smush-placeholder-aspect-ratio: 200\/300;\" \/><noscript><img loading=\"lazy\" decoding=\"async\" class=\"alignleft size-medium wp-image-325\" src=\"https:\/\/www.vonsalm.de\/v1\/wp-content\/uploads\/2016\/05\/2015-09.-Verena-Kroppach1-200x300-200x300.jpg\" alt=\"Verena-Kroppach\" width=\"200\" height=\"300\" \/><\/noscript>Neubauplanungsgesellschaft<br \/>\nvon Salm-Hoogstraeten mbH<br \/>\nClaudiastr. 53<br \/>\n46537 Dinslaken<br \/>\nTelefon 02064-4277-16<br \/>\nTelefax \/<br \/>\nwww.vonSalm.de<br \/>\nIhr Ansprechpartnerin:<img loading=\"lazy\" decoding=\"async\" data-src=\"https:\/\/www.nbp-vonsalm.de\/cms\/wp-content\/uploads\/platzhalter.jpg\" alt=\"platzhalter\" width=\"11\" height=\"19\" border=\"0\" src=\"data:image\/gif;base64,R0lGODlhAQABAAAAACH5BAEKAAEALAAAAAABAAEAAAICTAEAOw==\" class=\"lazyload\" style=\"--smush-placeholder-width: 11px; --smush-placeholder-aspect-ratio: 11\/19;\" \/><noscript><img loading=\"lazy\" decoding=\"async\" class=\"\" src=\"https:\/\/www.nbp-vonsalm.de\/cms\/wp-content\/uploads\/platzhalter.jpg\" alt=\"platzhalter\" width=\"11\" height=\"19\" border=\"0\" \/><\/noscript><br \/>\nVerena Kroppach<br \/>\n<a href=\"mailto:Verena.Kroppach@vonSalm.de\">Verena.Kroppach@vonSalm.de<\/a><br \/>\n<\/em><\/strong><\/p>\n<hr \/>\n<p><strong>Sofortkontakt<\/strong><\/p>\n<div role=\"form\" class=\"wpcf7\" id=\"wpcf7-f480-o1\" lang=\"de-DE\" dir=\"ltr\">\n<div class=\"screen-reader-response\"><p role=\"status\" aria-live=\"polite\" aria-atomic=\"true\"><\/p> <ul><\/ul><\/div>\n<form action=\"\/v1\/index.php?rest_route=%2Fwp%2Fv2%2Fpages%2F1416#wpcf7-f480-o1\" method=\"post\" class=\"wpcf7-form init\" novalidate=\"novalidate\" data-status=\"init\">\n<div style=\"display: none;\">\n<input type=\"hidden\" name=\"_wpcf7\" value=\"480\" \/>\n<input type=\"hidden\" name=\"_wpcf7_version\" value=\"5.3.2\" \/>\n<input type=\"hidden\" name=\"_wpcf7_locale\" value=\"de_DE\" \/>\n<input type=\"hidden\" name=\"_wpcf7_unit_tag\" value=\"wpcf7-f480-o1\" \/>\n<input type=\"hidden\" name=\"_wpcf7_container_post\" value=\"0\" \/>\n<input type=\"hidden\" name=\"_wpcf7_posted_data_hash\" value=\"\" \/>\n<\/div>\n<p>Ihr Name (Pflichtfeld)<br \/>\n    <span class=\"wpcf7-form-control-wrap your-name\"><input type=\"text\" name=\"your-name\" value=\"\" size=\"40\" class=\"wpcf7-form-control wpcf7-text wpcf7-validates-as-required\" aria-required=\"true\" aria-invalid=\"false\" \/><\/span> <\/p>\n<p>Ihre E-Mail-Adresse (Pflichtfeld)<br \/>\n    <span class=\"wpcf7-form-control-wrap your-email\"><input type=\"email\" name=\"your-email\" value=\"@\" size=\"40\" class=\"wpcf7-form-control wpcf7-text wpcf7-email wpcf7-validates-as-required wpcf7-validates-as-email\" aria-required=\"true\" aria-invalid=\"false\" \/><\/span> <\/p>\n<p>Betreff (Pflichtfeld)<br \/>\n    <span class=\"wpcf7-form-control-wrap your-subject\"><input type=\"text\" name=\"your-subject\" value=\"\" size=\"40\" class=\"wpcf7-form-control wpcf7-text wpcf7-validates-as-required\" aria-required=\"true\" aria-invalid=\"false\" \/><\/span> <\/p>\n<p>Ihre Telefonnummer <br \/>\n    <span class=\"wpcf7-form-control-wrap tel\"><input type=\"text\" name=\"tel\" value=\"\" size=\"40\" class=\"wpcf7-form-control wpcf7-text\" aria-invalid=\"false\" \/><\/span> <\/p>\n<p>Ihre Anschrift <br \/>\n    <span class=\"wpcf7-form-control-wrap anschrift\"><input type=\"text\" name=\"anschrift\" value=\"\" size=\"40\" class=\"wpcf7-form-control wpcf7-text\" aria-invalid=\"false\" \/><\/span> <\/p>\n<p>Ihre Nachricht<br \/>\n    <span class=\"wpcf7-form-control-wrap your-message\"><textarea name=\"your-message\" cols=\"40\" rows=\"10\" class=\"wpcf7-form-control wpcf7-textarea\" aria-invalid=\"false\"><\/textarea><\/span> <\/p>\n<p>M\u00f6chten Sie ein ausf\u00fchrliches Expos\u00e9 erhalten?<\/p>\n<p><span class=\"wpcf7-form-control-wrap menu-727\"><select name=\"menu-727\" class=\"wpcf7-form-control wpcf7-select\" aria-invalid=\"false\"><option value=\"Bitte ausw\u00e4hlen...\">Bitte ausw\u00e4hlen...<\/option><option value=\"Ja (bitte postalische Anschrift oben angeben)\">Ja (bitte postalische Anschrift oben angeben)<\/option><option value=\"Nein\">Nein<\/option><\/select><\/span><\/p>\n<p>Name des Objekts<br \/>\n    <span class=\"wpcf7-form-control-wrap text-240\"><input type=\"text\" name=\"text-240\" value=\"\" size=\"40\" class=\"wpcf7-form-control wpcf7-text\" aria-invalid=\"false\" \/><\/span> <\/p>\n<p><span class=\"wpcf7-form-control-wrap kc_captcha\"><span class=\"wpcf7-form-control wpcf7-radio\"> \n    <span class=\"captcha-image\" >\n        <span class=\"cf7ic_instructions\">Bitte beweise, dass du kein Spambot bist und w\u00e4hle das Symbol<span> Schl\u00fcssel<\/span> aus.<\/span><label><input type=\"radio\" name=\"kc_captcha\" value=\"bot\" \/><svg width=\"50px\" height=\"50px\" aria-hidden=\"true\" role=\"img\" xmlns=\"http:\/\/www.w3.org\/2000\/svg\" viewBox=\"0 0 576 512\"><path fill=\"currentColor\" d=\"M259.3 17.8L194 150.2 47.9 171.5c-26.2 3.8-36.7 36.1-17.7 54.6l105.7 103-25 145.5c-4.5 26.3 23.2 46 46.4 33.7L288 439.6l130.7 68.7c23.2 12.2 50.9-7.4 46.4-33.7l-25-145.5 105.7-103c19-18.5 8.5-50.8-17.7-54.6L382 150.2 316.7 17.8c-11.7-23.6-45.6-23.9-57.4 0z\"><\/path><\/svg><\/label><label><input type=\"radio\" name=\"kc_captcha\" value=\"kc_human\" \/><svg width=\"50px\" height=\"50px\" aria-hidden=\"true\" role=\"img\" xmlns=\"http:\/\/www.w3.org\/2000\/svg\" viewBox=\"0 0 512 512\"><path fill=\"currentColor\" d=\"M512 176.001C512 273.203 433.202 352 336 352c-11.22 0-22.19-1.062-32.827-3.069l-24.012 27.014A23.999 23.999 0 0 1 261.223 384H224v40c0 13.255-10.745 24-24 24h-40v40c0 13.255-10.745 24-24 24H24c-13.255 0-24-10.745-24-24v-78.059c0-6.365 2.529-12.47 7.029-16.971l161.802-161.802C163.108 213.814 160 195.271 160 176 160 78.798 238.797.001 335.999 0 433.488-.001 512 78.511 512 176.001zM336 128c0 26.51 21.49 48 48 48s48-21.49 48-48-21.49-48-48-48-48 21.49-48 48z\"><\/path><\/svg><\/label><label><input type=\"radio\" name=\"kc_captcha\" value=\"bot\" \/><svg width=\"50px\" height=\"50px\" aria-hidden=\"true\" role=\"img\" xmlns=\"http:\/\/www.w3.org\/2000\/svg\" viewBox=\"0 0 384 512\"><path fill=\"currentColor\" d=\"M377.33 375.429L293.906 288H328c21.017 0 31.872-25.207 17.448-40.479L262.79 160H296c20.878 0 31.851-24.969 17.587-40.331l-104-112.003c-9.485-10.214-25.676-10.229-35.174 0l-104 112.003C56.206 134.969 67.037 160 88 160h33.21l-82.659 87.521C24.121 262.801 34.993 288 56 288h34.094L6.665 375.429C-7.869 390.655 2.925 416 24.025 416H144c0 32.781-11.188 49.26-33.995 67.506C98.225 492.93 104.914 512 120 512h144c15.086 0 21.776-19.069 9.995-28.494-19.768-15.814-33.992-31.665-33.995-67.496V416h119.97c21.05 0 31.929-25.309 17.36-40.571z\"><\/path><\/svg><\/label>\n    <\/span>\n    <span style=\"display:none\">\n        <input type=\"text\" name=\"kc_honeypot\">\n    <\/span><\/span><\/span><\/p>\n<p><span class=\"wpcf7-form-control-wrap datenschutz_aktuell\"><span class=\"wpcf7-form-control wpcf7-acceptance\"><span class=\"wpcf7-list-item\"><input type=\"checkbox\" name=\"datenschutz_aktuell\" value=\"1\" aria-invalid=\"false\" \/><\/span><\/span><\/span> <strong>Einwilligungserkl\u00e4rung Datenschutz<\/strong><br\/><br \/>\nJa, ich habe die <a href=\"https:\/\/www.vonsalm.de\/v1\/?page_id=467\" target=\"_blank\">Datenschutzerkl\u00e4rung<\/a> zur Kenntnis genommen und bin damit einverstanden, dass die von mir angegebenen Daten elektronisch erhoben und gespeichert werden. Meine Daten werden dabei nur streng zweckgebunden zur Bearbeitung und Beantwortung meiner Anfrage benutzt.\n<\/p>\n<p><input type=\"submit\" value=\"Senden\" class=\"wpcf7-form-control wpcf7-submit\" \/><\/p>\n<div class=\"wpcf7-response-output\" aria-hidden=\"true\"><\/div><\/form><\/div>\n<\/div><\/div><\/section>\n<\/div>\n","protected":false},"excerpt":{"rendered":"","protected":false},"author":1,"featured_media":0,"parent":0,"menu_order":0,"comment_status":"closed","ping_status":"closed","template":"","meta":{"footnotes":""},"class_list":["post-1416","page","type-page","status-publish","hentry"],"aioseo_notices":[],"_links":{"self":[{"href":"https:\/\/www.vonsalm.de\/v1\/index.php?rest_route=\/wp\/v2\/pages\/1416","targetHints":{"allow":["GET"]}}],"collection":[{"href":"https:\/\/www.vonsalm.de\/v1\/index.php?rest_route=\/wp\/v2\/pages"}],"about":[{"href":"https:\/\/www.vonsalm.de\/v1\/index.php?rest_route=\/wp\/v2\/types\/page"}],"author":[{"embeddable":true,"href":"https:\/\/www.vonsalm.de\/v1\/index.php?rest_route=\/wp\/v2\/users\/1"}],"replies":[{"embeddable":true,"href":"https:\/\/www.vonsalm.de\/v1\/index.php?rest_route=%2Fwp%2Fv2%2Fcomments&post=1416"}],"version-history":[{"count":32,"href":"https:\/\/www.vonsalm.de\/v1\/index.php?rest_route=\/wp\/v2\/pages\/1416\/revisions"}],"predecessor-version":[{"id":2649,"href":"https:\/\/www.vonsalm.de\/v1\/index.php?rest_route=\/wp\/v2\/pages\/1416\/revisions\/2649"}],"wp:attachment":[{"href":"https:\/\/www.vonsalm.de\/v1\/index.php?rest_route=%2Fwp%2Fv2%2Fmedia&parent=1416"}],"curies":[{"name":"wp","href":"https:\/\/api.w.org\/{rel}","templated":true}]}}